{"id":3582,"date":"2023-12-05T23:35:11","date_gmt":"2023-12-05T23:35:11","guid":{"rendered":"https:\/\/beta.caminhosdefatima.org\/o-projeto\/"},"modified":"2024-02-16T10:51:41","modified_gmt":"2024-02-16T10:51:41","slug":"wege-nach-fatima","status":"publish","type":"page","link":"https:\/\/caminhosdefatima.org\/de\/wege-nach-fatima\/","title":{"rendered":"Wege nach F\u00e1tima"},"content":{"rendered":"\n<p><strong>Die Wege nach F\u00e1tima sind ein Netz religi\u00f6ser und kultureller Wege,&nbsp;die von verschiedenen Orten aus beginnen und am Heiligtum von F\u00e1tima enden.<\/strong><\/p>\n\n\n\n<p>Sie werden seit 1996 vom Centro Nacional de Cultura (Nationales Kulturzentrum) in Zusammenarbeit mit verschiedenen Institutionen und dem Heiligtum von Fatima entwickelt und schaffen sichere und angenehme Bedingungen f\u00fcr Pilgernde und Wandernde, die sich zu Fu\u00df auf den Weg zum Heiligtum von F\u00e1tima machen, wobei verkehrsreiche Stra\u00dfen zugunsten von Feldwegen und kleinen Landstra\u00dfen vermieden werden.&nbsp;Sie bieten echte Spiritualit\u00e4t in Verbindung mit der Natur und religi\u00f6sen und kulturellen Erfahrungen.&nbsp;<\/p>\n\n\n\n<p>Das Wegenetz deckt eine Vielzahl von kulturell und landschaftlich interessanten Gebieten ab und ist mit anderen nationalen und internationalen Routen verkn\u00fcpft.<\/p>\n\n\n\n<div style=\"height:30px\" aria-hidden=\"true\" class=\"wp-block-spacer\"><\/div>\n\n\n\n<h2 class=\"wp-block-heading\">Reisef\u00fchrer der Wege nach F\u00e1tima<\/h2>\n\n\n\n<figure class=\"wp-block-image size-full\"><img loading=\"lazy\" decoding=\"async\" width=\"849\" height=\"283\" src=\"https:\/\/caminhosdefatima.org\/_cf\/wp-content\/uploads\/2023\/12\/ApresentacaoFatima-02-190912-e1703240796369.jpg\" alt=\"\" class=\"wp-image-1711\" srcset=\"https:\/\/caminhosdefatima.org\/_cf\/wp-content\/uploads\/2023\/12\/ApresentacaoFatima-02-190912-e1703240796369.jpg 849w, https:\/\/caminhosdefatima.org\/_cf\/wp-content\/uploads\/2023\/12\/ApresentacaoFatima-02-190912-e1703240796369-800x267.jpg 800w, https:\/\/caminhosdefatima.org\/_cf\/wp-content\/uploads\/2023\/12\/ApresentacaoFatima-02-190912-e1703240796369-768x256.jpg 768w\" sizes=\"(max-width: 849px) 100vw, 849px\" \/><\/figure>\n\n\n\n<p>Die Reisef\u00fchrer bieten systematisch umfassende Informationen \u00fcber die Wege und heben die Landschaft, das Kulturerbe, die Kultur und das lokale Ambiente hervor.<\/p>\n\n\n\n<p>Sie enthalten Kartenmaterial zu jedem Weg sowie beschreibende Inhalte zu den jeweiligen Routen. Am Ende jedes Reisef\u00fchrers gibt es eine Reihe von Informationen \u00fcber das Heiligtum von F\u00e1tima, die die symboltr\u00e4chtigsten Orte beschreiben, von den Basiliken bis zur Kleinen Kapelle, wobei die Geschichte und die Symbolik jedes dieser Orte herausgestellt werden.<\/p>\n\n\n\n<p>Sie k\u00f6nnen auf folgenden Plattformen konsultiert und heruntergeladen werden: <a rel=\"noreferrer noopener\" href=\"https:\/\/caminhosdefatima.org\/\" data-type=\"link\" data-id=\"https:\/\/caminhosdefatima.org\/\" target=\"_blank\">caminhosdefatima.org<\/a> und <a rel=\"noreferrer noopener\" href=\"https:\/\/www.pathsoffaith.com\/\" data-type=\"link\" data-id=\"https:\/\/www.pathsoffaith.com\/\" target=\"_blank\">pathsoffaith.com<\/a>, inklusive Kartenmatieral in den Formaten GPX und KML<\/p>\n\n\n\n<div style=\"height:30px\" aria-hidden=\"true\" class=\"wp-block-spacer\"><\/div>\n\n\n\n<h2 class=\"wp-block-heading\">Marke<\/h2>\n\n\n\n<div class=\"wp-block-columns is-layout-flex wp-container-core-columns-layout-1 wp-block-columns-is-layout-flex\">\n<div class=\"wp-block-column is-layout-flow wp-block-column-is-layout-flow\" style=\"flex-basis:50%\">\n<p>Diese Pilgerwege sind gekennzeichnet durch die&nbsp;marke Caminhos de F\u00e1tima (Wege nach F\u00e1tima), die folgende Symbole einschlie\u00dft:&nbsp;<strong>eine Steineiche<\/strong>, das Symbol f\u00fcr den Ort, an dem die Jungfrau den Hirtenkindern erschien und ein charakteristischer Baum f\u00fcr die Landschaft um F\u00e1tima, der als botanische Art in Portugal gesch\u00fctzt ist (<em>quercus ilex<\/em>);&nbsp;<strong>die blaue Farbe<\/strong>, ein Symbol des Himmelblau und der atmosph\u00e4rischen Umgebung, die unmittelbar im Heiligtum und der umliegenden Gegend erfahrbar ist. <\/p>\n\n\n\n<p>Die <strong>marke<\/strong> geh\u00f6rt dem Nationalen Zentrum f\u00fcr Kultur und ihre Nutzung unterliegt einer Genehmigung.<\/p>\n<\/div>\n\n\n\n<div class=\"wp-block-column is-layout-flow wp-block-column-is-layout-flow\" style=\"flex-basis:50%\"><div class=\"wp-block-image\">\n<figure class=\"aligncenter size-full is-resized\"><img loading=\"lazy\" decoding=\"async\" width=\"1000\" height=\"816\" src=\"https:\/\/caminhosdefatima.org\/_cf\/wp-content\/uploads\/2023\/12\/caminhos_sinaletica_marca.png\" alt=\"\" class=\"wp-image-1717\" style=\"aspect-ratio:1.2254901960784315;width:353px;height:auto\" srcset=\"https:\/\/caminhosdefatima.org\/_cf\/wp-content\/uploads\/2023\/12\/caminhos_sinaletica_marca.png 1000w, https:\/\/caminhosdefatima.org\/_cf\/wp-content\/uploads\/2023\/12\/caminhos_sinaletica_marca-800x653.png 800w, https:\/\/caminhosdefatima.org\/_cf\/wp-content\/uploads\/2023\/12\/caminhos_sinaletica_marca-768x627.png 768w\" sizes=\"(max-width: 1000px) 100vw, 1000px\" \/><\/figure><\/div><\/div>\n<\/div>\n","protected":false},"excerpt":{"rendered":"<p>Die Wege von Fatima sind ein Netz von religi\u00f6sen und kulturellen Routen, die an verschiedenen Orten beginnen und am Heiligtum von Fatima enden.\u202fSie wurden vom Nationalen Zentrum f\u00fcr Kultur (Centro Nacional de Cultura) in Zusammenarbeit mit mehreren Institutionen und in Verbindung mit dem Heiligtum von Fatima entwickelt oder zertifiziert und schaffen sichere und angenehme Bedingungen f\u00fcr Pilger und Wanderer auf dem Weg zum Heiligtum von Fatima, indem sie stark befahrene Stra\u00dfen zugunsten von unbefestigten Wegen und kleinen Landstra\u00dfen meiden.<\/p>\n","protected":false},"author":1,"featured_media":2177,"parent":0,"menu_order":0,"comment_status":"closed","ping_status":"closed","template":"","meta":{"footnotes":""},"acf":[],"_links":{"self":[{"href":"https:\/\/caminhosdefatima.org\/de\/wp-json\/wp\/v2\/pages\/3582"}],"collection":[{"href":"https:\/\/caminhosdefatima.org\/de\/wp-json\/wp\/v2\/pages"}],"about":[{"href":"https:\/\/caminhosdefatima.org\/de\/wp-json\/wp\/v2\/types\/page"}],"author":[{"embeddable":true,"href":"https:\/\/caminhosdefatima.org\/de\/wp-json\/wp\/v2\/users\/1"}],"replies":[{"embeddable":true,"href":"https:\/\/caminhosdefatima.org\/de\/wp-json\/wp\/v2\/comments?post=3582"}],"version-history":[{"count":12,"href":"https:\/\/caminhosdefatima.org\/de\/wp-json\/wp\/v2\/pages\/3582\/revisions"}],"predecessor-version":[{"id":4581,"href":"https:\/\/caminhosdefatima.org\/de\/wp-json\/wp\/v2\/pages\/3582\/revisions\/4581"}],"wp:featuredmedia":[{"embeddable":true,"href":"https:\/\/caminhosdefatima.org\/de\/wp-json\/wp\/v2\/media\/2177"}],"wp:attachment":[{"href":"https:\/\/caminhosdefatima.org\/de\/wp-json\/wp\/v2\/media?parent=3582"}],"curies":[{"name":"wp","href":"https:\/\/api.w.org\/{rel}","templated":true}]}}