{"id":4352,"date":"2023-11-09T13:55:20","date_gmt":"2023-11-09T13:55:20","guid":{"rendered":"https:\/\/caminhosdefatima.org\/centro-nacional-de-cultura\/"},"modified":"2024-02-15T15:52:52","modified_gmt":"2024-02-15T15:52:52","slug":"centro-nacional-de-cultura","status":"publish","type":"page","link":"https:\/\/caminhosdefatima.org\/de\/centro-nacional-de-cultura\/","title":{"rendered":"Centro Nacional de Cultura"},"content":{"rendered":"\n<p>Das Centro Nacional de Cultura ist eine gemeinn\u00fctzige kulturelle Vereinigung. Es wurde am 13. Mai 1945 von einer Gruppe von Monarchisten und Katholiken, die gegen das Regime waren, gegr\u00fcndet und war als &#8222;Intellektuellenclub&#8220; zur Diskussion von Ideen gedacht. Seine Satzung wurde 1952 registriert.<\/p>\n\n\n\n<p>Immer mit dem Ziel, &#8222;eine freie Kultur zu verteidigen&#8220;, etablierte er sich in den 1960er Jahren unter der Leitung von Sophia de Mello Breyner Andresen, Francisco Sousa Tavares, Gon\u00e7alo Ribeiro Telles, Jo\u00e3o B\u00e9nard da Costa und Ant\u00f3nio Al\u00e7ada Baptista als demokratisches Forum, an dem Intellektuelle und Kulturschaffende teilnahmen.<\/p>\n\n\n\n<p>Nach dem 25. April 1974 begann unter der Leitung von Helena Vaz da Silva eine neue Phase, die sich auf die Internationalisierung und die Aufwertung der Kultur und des kulturellen Erbes konzentrierte, mit einer Vielzahl von Aktivit\u00e4ten, die sich an ein vielf\u00e4ltiges Publikum richteten: &#8222;Sonntagsspazierg\u00e4nge&#8220;, Kulturreisen, Fortbildungs- und Verbreitungskurse, internationale Treffen, Seminare, Ausstellungen, Editionen, literarische und k\u00fcnstlerische Wettbewerbe, Preise und Stipendien, Aktivit\u00e4ten f\u00fcr Kinder, kulturelle Dienstleistungen f\u00fcr Schulen, Unternehmen und ausl\u00e4ndische Gruppen, die Portugal besuchen.<\/p>\n\n\n\n<p>Im 21. Jahrhundert st\u00e4rkt das CNC seine Identit\u00e4t, indem es die historische Erinnerung aufwertet, das zeitgen\u00f6ssische Schaffen f\u00f6rdert und die Debatte \u00fcber Kultur und aktive B\u00fcrgerschaft verst\u00e4rkt. Seine Hauptaufgaben sind der Schutz, die Verbreitung und die Aufwertung des kulturellen Erbes auf der Grundlage eines integrierten Konzepts von Gebiet, Gemeinschaft, Umwelt, Kulturerbe und Tourismus. Die t\u00e4gliche Arbeit l\u00e4sst sich als eine Politik des &#8222;In-Kontakt-Kommens&#8220;, des &#8222;Artikulierens&#8220; und des &#8222;Handelns&#8220; zusammenfassen.<\/p>\n\n\n\n<p>Vom Chiado-Viertel in Lissabon aus, wo wir unsere Einrichtungen, darunter eine Bibliothek und ein Literaturcaf\u00e9 (Caf\u00e9 no Chiado), haben, entwickeln wir Aktivit\u00e4ten und Projekte. Das Nationale Kulturzentrum ist Mitglied in internationalen Netzwerken und ist der offizielle Vertreter von Europa Nostra in Portugal. Es ist die Organisation, die hinter dem Projekt Caminhos de F\u00e1tima steht und Eigent\u00fcmerin der entsprechenden Marke ist.<\/p>\n\n\n\n<div style=\"height:30px\" aria-hidden=\"true\" class=\"wp-block-spacer\"><\/div>\n\n\n\n<p>Weitere Informationen finden Sie auf der Website <a href=\"https:\/\/www.cnc.pt\/\" data-type=\"link\" data-id=\"https:\/\/www.cnc.pt\/\" target=\"_blank\" rel=\"noreferrer noopener\">cnc.pt<\/a><\/p>\n\n\n\n<div style=\"height:30px\" aria-hidden=\"true\" class=\"wp-block-spacer\"><\/div>\n","protected":false},"excerpt":{"rendered":"<p>Das Nationale Kulturzentrum (Centro Nacional de Cultura) ist ein privater, gemeinn\u00fctziger Kulturverein, der 1945 gegr\u00fcndet wurde. Er f\u00f6rdert das historische Ged\u00e4chtnis und das zeitgen\u00f6ssische Schaffen, st\u00e4rkt die Debatte \u00fcber Kultur und aktive B\u00fcrgerschaft und setzt sich vor allem f\u00fcr den Schutz, die Verbreitung und die Aufwertung des kulturellen Erbes ein. Sie entwickelt nationale und internationale Aktivit\u00e4ten und Projekte, insbesondere Kulturreisen.<\/p>\n","protected":false},"author":1,"featured_media":66,"parent":0,"menu_order":0,"comment_status":"closed","ping_status":"closed","template":"","meta":{"footnotes":""},"acf":[],"_links":{"self":[{"href":"https:\/\/caminhosdefatima.org\/de\/wp-json\/wp\/v2\/pages\/4352"}],"collection":[{"href":"https:\/\/caminhosdefatima.org\/de\/wp-json\/wp\/v2\/pages"}],"about":[{"href":"https:\/\/caminhosdefatima.org\/de\/wp-json\/wp\/v2\/types\/page"}],"author":[{"embeddable":true,"href":"https:\/\/caminhosdefatima.org\/de\/wp-json\/wp\/v2\/users\/1"}],"replies":[{"embeddable":true,"href":"https:\/\/caminhosdefatima.org\/de\/wp-json\/wp\/v2\/comments?post=4352"}],"version-history":[{"count":3,"href":"https:\/\/caminhosdefatima.org\/de\/wp-json\/wp\/v2\/pages\/4352\/revisions"}],"predecessor-version":[{"id":4574,"href":"https:\/\/caminhosdefatima.org\/de\/wp-json\/wp\/v2\/pages\/4352\/revisions\/4574"}],"wp:featuredmedia":[{"embeddable":true,"href":"https:\/\/caminhosdefatima.org\/de\/wp-json\/wp\/v2\/media\/66"}],"wp:attachment":[{"href":"https:\/\/caminhosdefatima.org\/de\/wp-json\/wp\/v2\/media?parent=4352"}],"curies":[{"name":"wp","href":"https:\/\/api.w.org\/{rel}","templated":true}]}}