{"id":4392,"date":"2023-09-26T09:38:26","date_gmt":"2023-09-26T08:38:26","guid":{"rendered":"https:\/\/caminhosdefatima.org\/politica-privacidade\/"},"modified":"2024-01-11T17:08:40","modified_gmt":"2024-01-11T17:08:40","slug":"datenschutzbestimmungen","status":"publish","type":"page","link":"https:\/\/caminhosdefatima.org\/de\/datenschutzbestimmungen\/","title":{"rendered":"Datenschutzbestimmungen"},"content":{"rendered":"\n<p>Das Centro Nacional de Cultura (CNC) ist als Eigent\u00fcmer der Marke Caminhos de F\u00e1tima\u00ae f\u00fcr die Datenverarbeitung verantwortlich und legt die Zwecke und Mittel der Verarbeitung der personenbezogenen Daten der betroffenen Person fest und regelt die Aufgaben und Zust\u00e4ndigkeiten, die in \u00dcbereinstimmung mit den geltenden Datenschutzgesetzen von ihnen verlangt werden.<\/p>\n\n\n\n<p>CNC speichert die personenbezogenen Daten der betroffenen Person nur so lange, wie es f\u00fcr die Erf\u00fcllung der Zwecke, f\u00fcr die sie erhoben wurden, erforderlich ist.<\/p>\n\n\n\n<p>Sie k\u00f6nnen sich mit allen Fragen im Zusammenhang mit der Datenerfassung an CNC wenden und jederzeit und kostenlos Ihre Rechte auf Zugang, Berichtigung oder L\u00f6schung, Widerspruch, Einschr\u00e4nkung und \u00dcbertragbarkeit Ihrer Daten aus\u00fcben, und zwar \u00fcber<br>&#8211; E-Mail Adresse: <a href=\"mailto:cnc@cnc.pt\">cnc@cnc.pt<\/a><br>&#8211; Postanschrift: Centro Nacional de Cultura &#8211; Rua Ant\u00f3nio Maria Cardoso, 68, 1249-101 Lisboa<br>nach Ma\u00dfgabe der geltenden Rechtsvorschriften.<\/p>\n\n\n\n<p>In jedem Fall wird die betroffene Person darauf hingewiesen, dass sie bei der Nationalen Datenschutzkommission (CNPD) Beschwerde einlegen kann, wenn sie der Ansicht ist, dass das CNC ihre Rechte aus den geltenden Datenschutzgesetzen verletzt hat.<\/p>\n\n\n\n<p>Die Zustimmung der betroffenen Person, dass ihre Daten von CNC verwendet werden d\u00fcrfen, ist immer widerrufbar und gilt nicht r\u00fcckwirkend.<\/p>\n\n\n\n<p>CNC wendet verschiedene geeignete technische und organisatorische Ma\u00dfnahmen an, um die personenbezogenen Daten der betroffenen Personen zu sch\u00fctzen, einschlie\u00dflich der Verwendung von sicheren Servern, Firewalls und Zugangskontrollen.<\/p>\n","protected":false},"excerpt":{"rendered":"<p>Das Centro Nacional de Cultura (CNC) ist als Eigent\u00fcmer der Marke Caminhos de F\u00e1tima\u00ae f\u00fcr die Datenverarbeitung verantwortlich und legt die Zwecke und Mittel der Verarbeitung der personenbezogenen Daten der betroffenen Person fest und regelt die Aufgaben und Zust\u00e4ndigkeiten, die in \u00dcbereinstimmung mit den geltenden Datenschutzgesetzen von ihnen verlangt werden. CNC speichert die personenbezogenen Daten [&hellip;]<\/p>\n","protected":false},"author":1,"featured_media":4387,"parent":0,"menu_order":0,"comment_status":"closed","ping_status":"open","template":"","meta":{"footnotes":""},"acf":[],"_links":{"self":[{"href":"https:\/\/caminhosdefatima.org\/de\/wp-json\/wp\/v2\/pages\/4392"}],"collection":[{"href":"https:\/\/caminhosdefatima.org\/de\/wp-json\/wp\/v2\/pages"}],"about":[{"href":"https:\/\/caminhosdefatima.org\/de\/wp-json\/wp\/v2\/types\/page"}],"author":[{"embeddable":true,"href":"https:\/\/caminhosdefatima.org\/de\/wp-json\/wp\/v2\/users\/1"}],"replies":[{"embeddable":true,"href":"https:\/\/caminhosdefatima.org\/de\/wp-json\/wp\/v2\/comments?post=4392"}],"version-history":[{"count":3,"href":"https:\/\/caminhosdefatima.org\/de\/wp-json\/wp\/v2\/pages\/4392\/revisions"}],"predecessor-version":[{"id":4453,"href":"https:\/\/caminhosdefatima.org\/de\/wp-json\/wp\/v2\/pages\/4392\/revisions\/4453"}],"wp:featuredmedia":[{"embeddable":true,"href":"https:\/\/caminhosdefatima.org\/de\/wp-json\/wp\/v2\/media\/4387"}],"wp:attachment":[{"href":"https:\/\/caminhosdefatima.org\/de\/wp-json\/wp\/v2\/media?parent=4392"}],"curies":[{"name":"wp","href":"https:\/\/api.w.org\/{rel}","templated":true}]}}