{"id":5510,"date":"2024-05-07T10:25:04","date_gmt":"2024-05-07T09:25:04","guid":{"rendered":"https:\/\/caminhosdefatima.org\/caminho-do-medio-tejo\/"},"modified":"2024-07-12T12:14:05","modified_gmt":"2024-07-12T11:14:05","slug":"weg-am-medio-tejo","status":"publish","type":"page","link":"https:\/\/caminhosdefatima.org\/de\/weg-am-medio-tejo\/","title":{"rendered":"Weg am M\u00e9dio Tejo"},"content":{"rendered":"\n<div style=\"height:30px\" aria-hidden=\"true\" class=\"wp-block-spacer\"><\/div>\n\n\n\n<figure class=\"wp-block-image size-large\"><img loading=\"lazy\" decoding=\"async\" width=\"1200\" height=\"292\" src=\"https:\/\/caminhosdefatima.org\/_cf\/wp-content\/uploads\/2024\/07\/infografia-CMedioTejo-_-fundo-branco-4-1200x292.png\" alt=\"\" class=\"wp-image-6468\" srcset=\"https:\/\/caminhosdefatima.org\/_cf\/wp-content\/uploads\/2024\/07\/infografia-CMedioTejo-_-fundo-branco-4-1200x292.png 1200w, https:\/\/caminhosdefatima.org\/_cf\/wp-content\/uploads\/2024\/07\/infografia-CMedioTejo-_-fundo-branco-4-1024x249.png 1024w, https:\/\/caminhosdefatima.org\/_cf\/wp-content\/uploads\/2024\/07\/infografia-CMedioTejo-_-fundo-branco-4-800x195.png 800w, https:\/\/caminhosdefatima.org\/_cf\/wp-content\/uploads\/2024\/07\/infografia-CMedioTejo-_-fundo-branco-4-768x187.png 768w, https:\/\/caminhosdefatima.org\/_cf\/wp-content\/uploads\/2024\/07\/infografia-CMedioTejo-_-fundo-branco-4.png 1508w\" sizes=\"(max-width: 1200px) 100vw, 1200px\" \/><\/figure>\n\n\n\n<p>Der Weg am M\u00e9dio Tejo f\u00fchrt durch die Zentralregion Portugals, ein Gebiet, das vom Wassersystem des Tejo und den Gebirgsz\u00fcgen, H\u00e4ngen und T\u00e4lern seines Nordufers gepr\u00e4gt ist, wo zahlreiche Fl\u00fcsse und B\u00e4che das Land bew\u00e4ssern und den Flusslauf des Tejo speisen.&nbsp;Die Landschaft ist vielf\u00e4ltig, mit ruhigen Ebenen und bergigen Gegenden.&nbsp;Die Ortsnamen und das kulturelle Erbe zeugen von der Geschichte dieser Region, die bis ins Altertum zur\u00fcckreicht.&nbsp;Die Verwaltungsorganisation und die systematische Besiedlung gehen auf die Zeit der christlichen R\u00fcckeroberung und der Gr\u00fcndung des K\u00f6nigreichs Portugal (12.-13. Jahrhundert) zur\u00fcck, nachdem die K\u00f6nige den Milit\u00e4rorden Schenkungen gemacht hatten, um die Verteidigung der Tejo-Ufer zu gew\u00e4hrleisten, Einwohner anzulocken und die soziale und wirtschaftliche Entwicklung zu f\u00f6rdern.&nbsp;Besonders wichtig waren der Orden der Hospitaliter (Malteserorden) und der Orden der Tempelritter (sp\u00e4ter Christusorden), die Burgen und Kirchen bauten und zur Gr\u00fcndung von Siedlungen beitrugen.&nbsp;<\/p>\n\n\n\n<p>In diesem Gebiet, das so reich an biologischer Vielfalt und kulturell so wertvoll ist, sind die Wege von Fatima in drei Routen gegliedert, die drei kulturellen Reiserouten in verschiedenen geografischen Gebieten entsprechen.&nbsp;Jede dieser Routen l\u00e4sst Wandernde ein vielf\u00e4ltiges Kultur- und Umwelterbe entdecken und genie\u00dfen und bietet Pilgerreisenden einzigartige Erfahrungen im Einklang mit der Natur und dem Leben und im Kontakt mit gastfreundlichen Menschen.<\/p>\n\n\n\n<div style=\"height:40px\" aria-hidden=\"true\" class=\"wp-block-spacer\"><\/div>\n\n\n\n<p class=\"has-text-align-center\"><iframe loading=\"lazy\" width=\"500\" height=\"400\" src=\"https:\/\/www.youtube.com\/embed\/rmrfIqDlTEY?si=wJ4j1KyZdtbHuS-1\" title=\"YouTube video player\" frameborder=\"0\" allow=\"accelerometer; autoplay; clipboard-write; encrypted-media; gyroscope; picture-in-picture; web-share\" referrerpolicy=\"strict-origin-when-cross-origin\" allowfullscreen><\/iframe>\n\n\n\n<div style=\"height:40px\" aria-hidden=\"true\" class=\"wp-block-spacer\"><\/div>\n","protected":false},"excerpt":{"rendered":"<p>Der Weg am M\u00e9dio Tejo f\u00fchrt durch die Zentralregion Portugals, ein Gebiet, das vom Wassersystem des Tejo und den Gebirgsz\u00fcgen, H\u00e4ngen und T\u00e4lern seines Nordufers gepr\u00e4gt ist, wo zahlreiche Fl\u00fcsse und B\u00e4che das Land bew\u00e4ssern und den Flusslauf des Tejo speisen.&nbsp;Die Landschaft ist vielf\u00e4ltig, mit ruhigen Ebenen und bergigen Gegenden.&nbsp;Die Ortsnamen und das kulturelle Erbe [&hellip;]<\/p>\n","protected":false},"author":2,"featured_media":6159,"parent":0,"menu_order":0,"comment_status":"closed","ping_status":"closed","template":"","meta":{"footnotes":""},"acf":[],"_links":{"self":[{"href":"https:\/\/caminhosdefatima.org\/de\/wp-json\/wp\/v2\/pages\/5510"}],"collection":[{"href":"https:\/\/caminhosdefatima.org\/de\/wp-json\/wp\/v2\/pages"}],"about":[{"href":"https:\/\/caminhosdefatima.org\/de\/wp-json\/wp\/v2\/types\/page"}],"author":[{"embeddable":true,"href":"https:\/\/caminhosdefatima.org\/de\/wp-json\/wp\/v2\/users\/2"}],"replies":[{"embeddable":true,"href":"https:\/\/caminhosdefatima.org\/de\/wp-json\/wp\/v2\/comments?post=5510"}],"version-history":[{"count":9,"href":"https:\/\/caminhosdefatima.org\/de\/wp-json\/wp\/v2\/pages\/5510\/revisions"}],"predecessor-version":[{"id":6495,"href":"https:\/\/caminhosdefatima.org\/de\/wp-json\/wp\/v2\/pages\/5510\/revisions\/6495"}],"wp:featuredmedia":[{"embeddable":true,"href":"https:\/\/caminhosdefatima.org\/de\/wp-json\/wp\/v2\/media\/6159"}],"wp:attachment":[{"href":"https:\/\/caminhosdefatima.org\/de\/wp-json\/wp\/v2\/media?parent=5510"}],"curies":[{"name":"wp","href":"https:\/\/api.w.org\/{rel}","templated":true}]}}