{"id":3511,"date":"2023-09-26T09:38:26","date_gmt":"2023-09-26T08:38:26","guid":{"rendered":"https:\/\/beta.caminhosdefatima.org\/informacoes\/"},"modified":"2025-04-09T15:39:22","modified_gmt":"2025-04-09T14:39:22","slug":"information","status":"publish","type":"page","link":"https:\/\/caminhosdefatima.org\/en\/information\/","title":{"rendered":"Information"},"content":{"rendered":"\n<div style=\"height:30px\" aria-hidden=\"true\" class=\"wp-block-spacer\"><\/div>\n\n\n\n<blockquote class=\"wp-block-quote has-text-align-right has-small-font-size\">\n<p class=\"has-medium-font-size\"><em>Fatima is a contemporary spiritual reserve.<br>Its geography doesn&#8217;t coincide exactly with the urban fabric.<br>Its topography is not just what you see.<br>Pilgrims know that Fatima begins much earlier<br>and continues long afterwards.<\/em><\/p>\n<cite><small>Cardinal Jos\u00e9 Tolentino Mendon\u00e7a &#8211; &#8220;Chegar a F\u00e1tima a p\u00e9&#8221; @ iMissio, 10\/10\/2021<\/small><\/cite><\/blockquote>\n\n\n\n<div style=\"height:30px\" aria-hidden=\"true\" class=\"wp-block-spacer\"><\/div>\n\n\n\n<p>You can walk the <strong>F\u00e1tima Walking Routes <\/strong>all year round. However, it is in spring, summer and autumn that you will find the best conditions. In summer, you can expect a few days of high temperatures, but you can also adjust your timetable, taking the opportunity to leave early in the morning. The journeys we propose are suitable for the area to be travelled, but you can set longer or shorter journeys according to your interests and availability.<\/p>\n\n\n\n<p>On each journey, the starting and finishing points are always a public place, next to a monument, church or chapel that is significant as a religious space and of cultural value. Throughout each journey, especially in towns, pilgrims and walkers will find places to get water and food, hostels, and other types of accommodation. We recommend you always find out what is available in advance. In order to walk the Ways of Fatima with the itineraries we have suggested, you should make the necessary preparations, taking into account the general conditions of each of the Ways along the entire route and the specific conditions of each journey or stage (day walk).<\/p>\n\n\n\n<div style=\"height:30px\" aria-hidden=\"true\" class=\"wp-block-spacer\"><\/div>\n\n\n\n<h2 class=\"wp-block-heading\">Orientation<\/h2>\n\n\n\n<p><strong>Signage<\/strong> in the territory along the tracks of the F\u00e1tima Walking Routes lead includes the symbols of the brand and its image, with its graphic representation and colour. However, until the extensive process of signposting all the F\u00e1tima Walking Routes in Portuguese territory is completed, you may find simpler forms of signposting such as blue arrows. We suggest that you consult the <strong>map&nbsp;<\/strong>of the Way you intend to walk, which is an essential tool along the route.&nbsp;<\/p>\n\n\n<div class=\"wp-block-image\">\n<figure class=\"aligncenter size-full is-resized\"><img loading=\"lazy\" decoding=\"async\" width=\"528\" height=\"397\" src=\"https:\/\/caminhosdefatima.org\/_cf\/wp-content\/uploads\/2023\/12\/caminhos_sinaletica.jpg\" alt=\"\" class=\"wp-image-1745\" style=\"aspect-ratio:1.3299748110831233;width:427px;height:auto\"\/><\/figure><\/div>\n\n\n<div style=\"height:30px\" aria-hidden=\"true\" class=\"wp-block-spacer\"><\/div>\n\n\n\n<h2 class=\"wp-block-heading\">Pilgrim&#8217;s Credentials for the F\u00e1tima Walking Routes<\/h2>\n\n\n\n<p>Over the centuries, all those who embarked on a pilgrimage to a holy place enjoyed safe conduct to help them through the difficulties of their journey. Nowadays, walkers and pilgrims have access to the <strong>Pilgrim&#8217;s Credential<\/strong>, which helps them identify themselves and which is also proof of the completion of these cultural and spiritual itineraries.&nbsp;<\/p>\n\n\n\n<h3 class=\"wp-block-heading\"><strong>What is the Credential for?<\/strong>&nbsp;<\/h3>\n\n\n\n<p>The credential is like a passport, certifying your passage through the various stages of the Ways of Fatima. It can be stamped at each stop made during the walk, at a host organisation which will use its own stamp for this purpose (tourist office, parish, hotel, hostel, restaurant, or other institution). It thus certifies that the Way of Fatima has taken place.<br>The only official and valid credential is the one issued by the National Culture Centre.&nbsp;<\/p>\n\n\n\n<h3 class=\"wp-block-heading\"><strong>Where can I get the Credential?<\/strong><\/h3>\n\n\n\n<p>The credential can be picked up at the headquarters of the <strong>National Culture Centre<\/strong> (CNC) in Lisbon. It can also be requested from the CNC by email (<a href=\"mailto:info@cnc.pt\">info@cnc.pt<\/a>) or telephone (+351 21 346 67 22). It can be sent by post, with the cost of the respective postage being the responsibility of those who request it. <\/p>\n\n\n\n<p>It is also available at some sites of reference officially recognised by the National Culture Centre:<\/p>\n\n\n\n<div class=\"wp-block-columns are-vertically-aligned-top is-layout-flex wp-container-core-columns-layout-1 wp-block-columns-is-layout-flex\">\n<div class=\"wp-block-column is-vertically-aligned-top is-layout-flow wp-block-column-is-layout-flow\" style=\"flex-basis:30%\">\n<figure class=\"wp-block-image size-full is-resized\"><img loading=\"lazy\" decoding=\"async\" width=\"388\" height=\"616\" src=\"https:\/\/caminhosdefatima.org\/_cf\/wp-content\/uploads\/2023\/12\/credencial.jpg\" alt=\"\" class=\"wp-image-1735\" style=\"width:229px;height:auto\"\/><\/figure>\n<\/div>\n\n\n\n<div class=\"wp-block-column is-vertically-aligned-top is-layout-flow wp-block-column-is-layout-flow\" style=\"flex-basis:70%\">\n<p>Camino de Santiago Hostels<\/p>\n\n\n\n<p>Carmel of St Teresa in Coimbra<\/p>\n\n\n\n<p>Sacav\u00e9m Ceramics Museum<\/p>\n\n\n\n<p>Lisbon Cathedral<\/p>\n\n\n\n<p>Porto Cathedral<\/p>\n\n\n\n<p>Tourist Offices<\/p>\n\n\n\n<p>F\u00e1tima Walking Routes Information Center<br>Rua Adriano Correia de Oliveira, n\u00ba 8, 1600-312 Lisboa<\/p>\n\n\n\n<p>Pilgrim Information Center<br>Igreja de Nossa Senhora da Concei\u00e7\u00e3o Velha &#8211; Rua da Alf\u00e2ndega, 108, 1100-585 Lisboa<\/p>\n<\/div>\n<\/div>\n\n\n\n<div style=\"height:30px\" aria-hidden=\"true\" class=\"wp-block-spacer\"><\/div>\n\n\n\n<p>In order to ensure the continued production of Credentials, the National Culture Centre would appreciate a voluntary donation of \u20ac2 per credential, which can be transferred to the following NIB\/IBAN: PT 50 0033 0000 4523 7586 5850 5.&nbsp;<\/p>\n\n\n\n<div style=\"height:30px\" aria-hidden=\"true\" class=\"wp-block-spacer\"><\/div>\n\n\n\n<h2 class=\"wp-block-heading\">Preparing for the journey<\/h2>\n\n\n\n<p>To make the pilgrimage, define a plan of stages suited to your physical condition and the accommodation options available. On average, each stage, corresponding to a walking day, is around 25-30 kilometres in length. You should take into account the degree of difficulty of the route and the time of year when you intend to do the Way. The climate in Portugal is mild, but it varies from region to region, according to relief, latitude and proximity to the sea.<\/p>\n\n\n\n<p>Before, during and after the walk, good hydration is essential. We recommend that you wear comfortable clothing and a rucksack that fits your body and in which you carry only the essentials. <\/p>\n\n\n\n<p>Respect the Rules of Conduct recommended for walking routes and experience the F\u00e1tima Walking Routes aware of your contribution to nature conservation, the protection of biodiversity and the environment.<\/p>\n\n\n\n<div style=\"height:30px\" aria-hidden=\"true\" class=\"wp-block-spacer\"><\/div>\n","protected":false},"excerpt":{"rendered":"<p>The Caminhos de F\u00e1tima, identified and developed by the National Culture Centre since 1996, aim to create safe and pleasant conditions for pilgrims on foot to the Shrine of F\u00e1tima, avoiding roads with heavy traffic in favour of dirt tracks and small rural roads with little traffic.<\/p>\n","protected":false},"author":1,"featured_media":1753,"parent":0,"menu_order":0,"comment_status":"closed","ping_status":"open","template":"","meta":{"footnotes":""},"acf":[],"_links":{"self":[{"href":"https:\/\/caminhosdefatima.org\/en\/wp-json\/wp\/v2\/pages\/3511"}],"collection":[{"href":"https:\/\/caminhosdefatima.org\/en\/wp-json\/wp\/v2\/pages"}],"about":[{"href":"https:\/\/caminhosdefatima.org\/en\/wp-json\/wp\/v2\/types\/page"}],"author":[{"embeddable":true,"href":"https:\/\/caminhosdefatima.org\/en\/wp-json\/wp\/v2\/users\/1"}],"replies":[{"embeddable":true,"href":"https:\/\/caminhosdefatima.org\/en\/wp-json\/wp\/v2\/comments?post=3511"}],"version-history":[{"count":16,"href":"https:\/\/caminhosdefatima.org\/en\/wp-json\/wp\/v2\/pages\/3511\/revisions"}],"predecessor-version":[{"id":7401,"href":"https:\/\/caminhosdefatima.org\/en\/wp-json\/wp\/v2\/pages\/3511\/revisions\/7401"}],"wp:featuredmedia":[{"embeddable":true,"href":"https:\/\/caminhosdefatima.org\/en\/wp-json\/wp\/v2\/media\/1753"}],"wp:attachment":[{"href":"https:\/\/caminhosdefatima.org\/en\/wp-json\/wp\/v2\/media?parent=3511"}],"curies":[{"name":"wp","href":"https:\/\/api.w.org\/{rel}","templated":true}]}}