{"id":3515,"date":"2023-09-26T09:38:26","date_gmt":"2023-09-26T08:38:26","guid":{"rendered":"https:\/\/beta.caminhosdefatima.org\/informacoes\/"},"modified":"2025-04-09T15:42:37","modified_gmt":"2025-04-09T14:42:37","slug":"informacion","status":"publish","type":"page","link":"https:\/\/caminhosdefatima.org\/es\/informacion\/","title":{"rendered":"Informaci\u00f3n"},"content":{"rendered":"\n<div style=\"height:30px\" aria-hidden=\"true\" class=\"wp-block-spacer\"><\/div>\n\n\n\n<blockquote class=\"wp-block-quote has-text-align-right has-small-font-size\">\n<p class=\"has-medium-font-size\"><em>F\u00e1tima es una reserva espiritual de la contemporaneidad.<br>Su geograf\u00eda no coincide exactamente con la malla urbana.<br>Su topograf\u00eda no es solo aquello que se ve.<br>Los peregrinos saben que F\u00e1tima comienza mucho antes<br>y contin\u00faa mucho despu\u00e9s.<\/em><\/p>\n<cite>Cardenal Jos\u00e9 Tolentino Mendon\u00e7a &#8211; \u00abChegar a F\u00e1tima a p\u00e9\u00bb @ iMissio, 10\/10\/2021<\/cite><\/blockquote>\n\n\n\n<div style=\"height:30px\" aria-hidden=\"true\" class=\"wp-block-spacer\"><\/div>\n\n\n\n<p>Puede recorrer los <strong>Caminos de F\u00e1tima<\/strong> durante todo el a\u00f1o. Sin embargo, las mejores condiciones se dan en primavera, verano y oto\u00f1o. En verano puede esperar algunos d\u00edas de elevada temperatura, aunque puede adecuar su horario, aprovechando para salir bien temprano por la ma\u00f1ana. Las jornadas que proponemos tienen una duraci\u00f3n adecuada al territorio que se va a recorrer, pero puede establecer jornadas m\u00e1s largas o m\u00e1s cortas en funci\u00f3n de sus intereses y de su disponibilidad.<\/p>\n\n\n\n<p>En cada jornada, el punto de salida y el de llegada se encuentran siempre en un lugar p\u00fablico, junto a un monumento, iglesia o capilla significativa como espacio religioso y de valor cultural. A lo largo de cada jornada, especialmente en las poblaciones, los peregrinos y caminantes encontrar\u00e1n lugares para aprovisionarse de agua y alimentos, albergues y otros tipos de alojamiento. Le recomendamos que se informe siempre con antelaci\u00f3n.<\/p>\n\n\n\n<p>Para recorrer los Caminos de F\u00e1tima con los itinerarios sugeridos, deber\u00e1 hacer la debida preparaci\u00f3n, teniendo en cuenta las condiciones generales de cada uno de los Caminos a lo largo de todo el recorrido y las condiciones espec\u00edficas de cada jornada o etapa (caminata de un d\u00eda).<\/p>\n\n\n\n<div style=\"height:30px\" aria-hidden=\"true\" class=\"wp-block-spacer\"><\/div>\n\n\n\n<h2 class=\"wp-block-heading\">Orientaci\u00f3n<\/h2>\n\n\n\n<p>La<strong> se\u00f1alizaci\u00f3n <\/strong>existente en el territorio donde se dise\u00f1an los Caminos incluye los s\u00edmbolos de la marca y respectiva imagen con representaci\u00f3n gr\u00e1fica y en color. No obstante, hasta que se complete el extenso proceso de se\u00f1alizaci\u00f3n de todos los Caminos de F\u00e1tima en territorio portugu\u00e9s, podr\u00e1 encontrar formas m\u00e1s sencillas de se\u00f1alizaci\u00f3n, incluyendo flechas azules. Le sugerimos que consulte la <strong>cartograf\u00eda <\/strong>sobre el Camino que desea recorrer, ya que esta es una herramienta esencial a lo largo de todo el recorrido.&nbsp;<\/p>\n\n\n<div class=\"wp-block-image\">\n<figure class=\"aligncenter size-full is-resized\"><img loading=\"lazy\" decoding=\"async\" width=\"528\" height=\"397\" src=\"https:\/\/caminhosdefatima.org\/_cf\/wp-content\/uploads\/2023\/12\/caminhos_sinaletica.jpg\" alt=\"\" class=\"wp-image-1745\" style=\"aspect-ratio:1.3299748110831233;width:427px;height:auto\"\/><\/figure><\/div>\n\n\n<div style=\"height:30px\" aria-hidden=\"true\" class=\"wp-block-spacer\"><\/div>\n\n\n\n<h2 class=\"wp-block-heading\">Credencial del Peregrino de los Caminos de F\u00e1tima<\/h2>\n\n\n\n<p>A lo largo de los siglos, todos aquellos que emprend\u00edan una peregrinaci\u00f3n a un lugar santo dispon\u00edan de un salvoconducto que les ayudaba a superar las dificultades de su jornada. En los d\u00edas de hoy, los caminantes y peregrinos disponen de la <strong>Credencial del Peregrino<\/strong>, que les ayuda a identificarse y constituye asimismo una prueba del cumplimiento de estos itinerarios culturales y espirituales.<\/p>\n\n\n\n<h3 class=\"wp-block-heading\"><strong>\u00bfPara qu\u00e9 sirve la Credencial?<\/strong><\/h3>\n\n\n\n<p>La credencial es como un pasaporte que certifica su paso por las distintas etapas de los Caminos de F\u00e1tima. Se puede sellar en cada parada realizada durante la caminata, en una organizaci\u00f3n de acogida que utilizar\u00e1, para este fin, su propio sello (oficina de turismo, parroquia, hotel, albergue, restaurante u otra instituci\u00f3n). Sirve as\u00ed como certificaci\u00f3n de la realizaci\u00f3n del Camino de F\u00e1tima.<br>La \u00fanica credencial oficial y v\u00e1lida es la expedida por el Centro Nacional de Cultura.&nbsp;<\/p>\n\n\n\n<h3 class=\"wp-block-heading\"><strong>\u00bfD\u00f3nde puedo obtener la Credencial?<\/strong><\/h3>\n\n\n\n<p>La credencial se puede recoger en la sede del <strong>Centro Nacional de Cultura (CNC),<\/strong> en Lisboa. Pode igualmente ser solicitada ao CNC por email (<a href=\"mailto:info@cnc.pt\">info@cnc.pt<\/a>)&nbsp;ou telefone (+351 21&nbsp;346 67 22). Se envia por correo postal, y los costes de env\u00edo corren a cargo de la persona que la solicita. <\/p>\n\n\n\n<p>Tambi\u00e9n est\u00e1 disponible en algunos lugares de referencia, oficialmente reconocidos por el Centro Nacional de Cultura:<\/p>\n\n\n\n<div class=\"wp-block-columns are-vertically-aligned-top is-layout-flex wp-container-core-columns-layout-1 wp-block-columns-is-layout-flex\">\n<div class=\"wp-block-column is-vertically-aligned-top is-layout-flow wp-block-column-is-layout-flow\" style=\"flex-basis:30%\">\n<figure class=\"wp-block-image size-full is-resized\"><img loading=\"lazy\" decoding=\"async\" width=\"388\" height=\"616\" src=\"https:\/\/caminhosdefatima.org\/_cf\/wp-content\/uploads\/2023\/12\/credencial.jpg\" alt=\"\" class=\"wp-image-1735\" style=\"width:221px;height:auto\"\/><\/figure>\n<\/div>\n\n\n\n<div class=\"wp-block-column is-vertically-aligned-top is-layout-flow wp-block-column-is-layout-flow\" style=\"flex-basis:70%\">\n<p>Albergues de los Caminos de Santiago<\/p>\n\n\n\n<p>Carmelo de Santa Teresa, en Coimbra<\/p>\n\n\n\n<p>Museo de Cer\u00e1mica de Sacav\u00e9m<\/p>\n\n\n\n<p>Catedral de Lisboa<\/p>\n\n\n\n<p>Catedral de Oporto<\/p>\n\n\n\n<p>Oficinas de Turismo<\/p>\n\n\n\n<p>Centro de Informaci\u00f3n \u00abCaminos de F\u00e1tima\u00bb<br>Rua Adriano Correia de Oliveira, n\u00ba 8, 1600-312 Lisboa<\/p>\n\n\n\n<p>Centro de Informaci\u00f3n al Peregrino<br>Igreja de Nossa Senhora da Concei\u00e7\u00e3o Velha &#8211; Rua da Alf\u00e2ndega, 108, 1100-585 Lisboa<\/p>\n<\/div>\n<\/div>\n\n\n\n<div style=\"height:30px\" aria-hidden=\"true\" class=\"wp-block-spacer\"><\/div>\n\n\n\n<p>Para garantizar la continuidad de la producci\u00f3n de credenciales, el Centro Nacional de Cultura agradece la realizaci\u00f3n de una donaci\u00f3n voluntaria de 2 euros por credencial, que puede transferirse al siguiente NIB\/IBAN: PT 50 0033 0000 4523 7586 5850 5.&nbsp;<\/p>\n\n\n\n<div style=\"height:30px\" aria-hidden=\"true\" class=\"wp-block-spacer\"><\/div>\n\n\n\n<h2 class=\"wp-block-heading\">Preparaci\u00f3n para el Camino<\/h2>\n\n\n\n<p>Para realizar la peregrinaci\u00f3n, defina un plan por etapas, adecuado a su preparaci\u00f3n f\u00edsica y a las opciones de alojamiento existentes. Por t\u00e9rmino medio, cada etapa tiene de 25 a 30 kil\u00f3metros. Debe tener en cuenta el grado de dificultad del recorrido y la \u00e9poca del a\u00f1o en que pretende hacer el Camino. El clima de Portugal es ameno, pero var\u00eda de una regi\u00f3n a otra, seg\u00fan el relieve, la latitud y la proximidad al mar.<\/p>\n\n\n\n<p>Antes, durante y despu\u00e9s de la caminata, es fundamental hidratarse bien. Le recomendamos que lleve ropa c\u00f3moda y una mochila que se adapte bien a su cuerpo y que lleve solo lo imprescindible.<\/p>\n\n\n\n<p>Respete las normas de conducta recomendadas para rutas de senderismo y viva los Caminos de F\u00e1tima consciente de su contribuci\u00f3n a la conservaci\u00f3n de la naturaleza, a la protecci\u00f3n de la biodiversidad y del medio ambiente.<\/p>\n\n\n\n<div style=\"height:30px\" aria-hidden=\"true\" class=\"wp-block-spacer\"><\/div>\n","protected":false},"excerpt":{"rendered":"<p>Los Caminhos de F\u00e1tima, identificados y desarrollados por el Centro Nacional de Cultura desde 1996, tienen como objetivo crear condiciones seguras y agradables para los peregrinos a pie hasta el Santuario de F\u00e1tima, evitando carreteras con mucho tr\u00e1fico en favor de pistas de tierra y peque\u00f1os caminos rurales con poco tr\u00e1fico.<\/p>\n","protected":false},"author":1,"featured_media":1757,"parent":0,"menu_order":0,"comment_status":"closed","ping_status":"open","template":"","meta":{"footnotes":""},"acf":[],"_links":{"self":[{"href":"https:\/\/caminhosdefatima.org\/es\/wp-json\/wp\/v2\/pages\/3515"}],"collection":[{"href":"https:\/\/caminhosdefatima.org\/es\/wp-json\/wp\/v2\/pages"}],"about":[{"href":"https:\/\/caminhosdefatima.org\/es\/wp-json\/wp\/v2\/types\/page"}],"author":[{"embeddable":true,"href":"https:\/\/caminhosdefatima.org\/es\/wp-json\/wp\/v2\/users\/1"}],"replies":[{"embeddable":true,"href":"https:\/\/caminhosdefatima.org\/es\/wp-json\/wp\/v2\/comments?post=3515"}],"version-history":[{"count":16,"href":"https:\/\/caminhosdefatima.org\/es\/wp-json\/wp\/v2\/pages\/3515\/revisions"}],"predecessor-version":[{"id":7402,"href":"https:\/\/caminhosdefatima.org\/es\/wp-json\/wp\/v2\/pages\/3515\/revisions\/7402"}],"wp:featuredmedia":[{"embeddable":true,"href":"https:\/\/caminhosdefatima.org\/es\/wp-json\/wp\/v2\/media\/1757"}],"wp:attachment":[{"href":"https:\/\/caminhosdefatima.org\/es\/wp-json\/wp\/v2\/media?parent=3515"}],"curies":[{"name":"wp","href":"https:\/\/api.w.org\/{rel}","templated":true}]}}