{"id":3584,"date":"2023-12-05T23:35:11","date_gmt":"2023-12-05T23:35:11","guid":{"rendered":"https:\/\/beta.caminhosdefatima.org\/o-projeto\/"},"modified":"2024-02-16T10:51:09","modified_gmt":"2024-02-16T10:51:09","slug":"caminos-de-fatima","status":"publish","type":"page","link":"https:\/\/caminhosdefatima.org\/es\/caminos-de-fatima\/","title":{"rendered":"Caminos de F\u00e1tima"},"content":{"rendered":"\n<p><strong>Los Caminos de F\u00e1tima son una red de itinerarios religiosos y culturales que parten de diversos lugares y terminan en el Santuario de F\u00e1tima.\u202f&nbsp;<\/strong><\/p>\n\n\n\n<p>Desarrollados por el Centro Nacional de Cultura desde 1996, en asociaci\u00f3n con numerosas instituciones y en colaboraci\u00f3n con el Santuario de F\u00e1tima, crean condiciones seguras y agradables para los peregrinos y caminantes que, a pie, se dirigen al Santuario de F\u00e1tima, evitando las carreteras con mucho tr\u00e1fico en favor de caminos de tierra y peque\u00f1as carreteras rurales. Proporcionan una verdadera espiritualidad, en conexi\u00f3n con la naturaleza y las experiencias religiosas y culturales. <\/p>\n\n\n\n<p>Son itinerarios que recorren diversos territorios de gran inter\u00e9s cultural y paisaj\u00edstico y est\u00e1n enlazados con otros itinerarios nacionales e internacionales.&nbsp;<\/p>\n\n\n\n<div style=\"height:30px\" aria-hidden=\"true\" class=\"wp-block-spacer\"><\/div>\n\n\n\n<h2 class=\"wp-block-heading\">Gu\u00edas de los Caminos de F\u00e1tima<\/h2>\n\n\n\n<figure class=\"wp-block-image size-full\"><img loading=\"lazy\" decoding=\"async\" width=\"849\" height=\"283\" src=\"https:\/\/caminhosdefatima.org\/_cf\/wp-content\/uploads\/2023\/12\/ApresentacaoFatima-02-190912-e1703240796369.jpg\" alt=\"\" class=\"wp-image-1711\" srcset=\"https:\/\/caminhosdefatima.org\/_cf\/wp-content\/uploads\/2023\/12\/ApresentacaoFatima-02-190912-e1703240796369.jpg 849w, https:\/\/caminhosdefatima.org\/_cf\/wp-content\/uploads\/2023\/12\/ApresentacaoFatima-02-190912-e1703240796369-800x267.jpg 800w, https:\/\/caminhosdefatima.org\/_cf\/wp-content\/uploads\/2023\/12\/ApresentacaoFatima-02-190912-e1703240796369-768x256.jpg 768w\" sizes=\"(max-width: 849px) 100vw, 849px\" \/><\/figure>\n\n\n\n<p>Las Gu\u00edas proporcionan sistem\u00e1ticamente informaci\u00f3n completa sobre estos itinerarios, haciendo hincapi\u00e9 en el paisaje, el patrimonio, la cultura y el ambiente local.<\/p>\n\n\n\n<p>Presentan cartograf\u00eda asociada a cada uno de los Caminos, as\u00ed como contenidos descriptivos sobre los respectivos itinerarios. Al final de cada Ruta, se incluye informaci\u00f3n sobre el Santuario de F\u00e1tima, con una descripci\u00f3n de los lugares m\u00e1s emblem\u00e1ticos, desde las Bas\u00edlicas hasta la Capilla, destacando la historia y la simbolog\u00eda de cada uno de estos espacios.<\/p>\n\n\n\n<p>Est\u00e1n disponibles para su consulta y descarga en las plataformas <a rel=\"noreferrer noopener\" href=\"https:\/\/caminhosdefatima.org\/\" data-type=\"link\" data-id=\"https:\/\/caminhosdefatima.org\/\" target=\"_blank\">caminhosdefatima.org<\/a> y <a rel=\"noreferrer noopener\" href=\"https:\/\/www.pathsoffaith.com\/\" data-type=\"link\" data-id=\"https:\/\/www.pathsoffaith.com\/\" target=\"_blank\">pathsoffaith.com<\/a>, e incluyen cartograf\u00eda en formato GPX y KML.<\/p>\n\n\n\n<div style=\"height:30px\" aria-hidden=\"true\" class=\"wp-block-spacer\"><\/div>\n\n\n\n<h2 class=\"wp-block-heading\">Marca<\/h2>\n\n\n\n<div class=\"wp-block-columns is-layout-flex wp-container-core-columns-layout-1 wp-block-columns-is-layout-flex\">\n<div class=\"wp-block-column is-layout-flow wp-block-column-is-layout-flow\" style=\"flex-basis:50%\">\n<p>Estos itinerarios de peregrinaci\u00f3n est\u00e1n identificados por la&nbsp;marca Caminos de Fatima, que incorpora elementos simb\u00f3licos:&nbsp;una <strong>encina<\/strong>, un lugar de aparici\u00f3n de la virgen a los pastorcitos, un \u00e1rbol caracter\u00edstico del paisaje donde encaja Fatima y una especie bot\u00e1nica protegida en Portugal (<em>quercus ilex<\/em>); el color&nbsp;<strong>azul<\/strong>, s\u00edmbolo del cielo azul y el ambiente atmosf\u00e9rico que se experimenta directamente en el Santuario y el espacio circundante. <\/p>\n\n\n\n<p>La&nbsp;<strong>marca&nbsp;<\/strong>es propiedad del Centro Nacional de Cultura y su uso requiere autorizaci\u00f3n.<\/p>\n<\/div>\n\n\n\n<div class=\"wp-block-column is-layout-flow wp-block-column-is-layout-flow\" style=\"flex-basis:50%\"><div class=\"wp-block-image\">\n<figure class=\"aligncenter size-full is-resized\"><img loading=\"lazy\" decoding=\"async\" width=\"1000\" height=\"816\" src=\"https:\/\/caminhosdefatima.org\/_cf\/wp-content\/uploads\/2023\/12\/caminhos_sinaletica_marca.png\" alt=\"\" class=\"wp-image-1717\" style=\"aspect-ratio:1.2254901960784315;width:353px;height:auto\" srcset=\"https:\/\/caminhosdefatima.org\/_cf\/wp-content\/uploads\/2023\/12\/caminhos_sinaletica_marca.png 1000w, https:\/\/caminhosdefatima.org\/_cf\/wp-content\/uploads\/2023\/12\/caminhos_sinaletica_marca-800x653.png 800w, https:\/\/caminhosdefatima.org\/_cf\/wp-content\/uploads\/2023\/12\/caminhos_sinaletica_marca-768x627.png 768w\" sizes=\"(max-width: 1000px) 100vw, 1000px\" \/><\/figure><\/div><\/div>\n<\/div>\n","protected":false},"excerpt":{"rendered":"<p>Los Caminos de F\u00e1tima son una red de itinerarios religiosos y culturales que comienzan en varios lugares y terminan en el Santuario de F\u00e1tima.\u202fDesarrollados o certificados por el Centro Nacional de Cultura, en asociaci\u00f3n con m\u00faltiples instituciones y en colaboraci\u00f3n con el Santuario de F\u00e1tima, crean condiciones seguras y agradables para los peregrinos y caminantes que se dirigen al Santuario de F\u00e1tima, evitando carreteras muy transitadas en favor de pistas de tierra y peque\u00f1os caminos rurales.<\/p>\n","protected":false},"author":1,"featured_media":2179,"parent":0,"menu_order":0,"comment_status":"closed","ping_status":"closed","template":"","meta":{"footnotes":""},"acf":[],"_links":{"self":[{"href":"https:\/\/caminhosdefatima.org\/es\/wp-json\/wp\/v2\/pages\/3584"}],"collection":[{"href":"https:\/\/caminhosdefatima.org\/es\/wp-json\/wp\/v2\/pages"}],"about":[{"href":"https:\/\/caminhosdefatima.org\/es\/wp-json\/wp\/v2\/types\/page"}],"author":[{"embeddable":true,"href":"https:\/\/caminhosdefatima.org\/es\/wp-json\/wp\/v2\/users\/1"}],"replies":[{"embeddable":true,"href":"https:\/\/caminhosdefatima.org\/es\/wp-json\/wp\/v2\/comments?post=3584"}],"version-history":[{"count":10,"href":"https:\/\/caminhosdefatima.org\/es\/wp-json\/wp\/v2\/pages\/3584\/revisions"}],"predecessor-version":[{"id":4579,"href":"https:\/\/caminhosdefatima.org\/es\/wp-json\/wp\/v2\/pages\/3584\/revisions\/4579"}],"wp:featuredmedia":[{"embeddable":true,"href":"https:\/\/caminhosdefatima.org\/es\/wp-json\/wp\/v2\/media\/2179"}],"wp:attachment":[{"href":"https:\/\/caminhosdefatima.org\/es\/wp-json\/wp\/v2\/media?parent=3584"}],"curies":[{"name":"wp","href":"https:\/\/api.w.org\/{rel}","templated":true}]}}