{"id":3653,"date":"2023-12-06T00:43:52","date_gmt":"2023-12-06T00:43:52","guid":{"rendered":"https:\/\/beta.caminhosdefatima.org\/parceiros\/"},"modified":"2024-02-07T07:39:08","modified_gmt":"2024-02-07T07:39:08","slug":"parceiros","status":"publish","type":"page","link":"https:\/\/caminhosdefatima.org\/es\/parceiros\/","title":{"rendered":"Socios"},"content":{"rendered":"\n<h3 class=\"wp-block-heading has-medium-font-size\">Socios del Centro Nacional de Cultura en la elaboraci\u00f3n de estos Caminos:<strong>&nbsp;<\/strong><\/h3>\n\n\n\n<div class=\"wp-block-columns are-vertically-aligned-center is-layout-flex wp-container-core-columns-layout-1 wp-block-columns-is-layout-flex\">\n<div class=\"wp-block-column is-vertically-aligned-center is-layout-flow wp-block-column-is-layout-flow\">\n<figure class=\"wp-block-image size-full is-resized\"><a href=\"https:\/\/www.pathsoffaith.com\/pt-pt\" target=\"_blank\" rel=\"noreferrer noopener\"><img loading=\"lazy\" decoding=\"async\" width=\"700\" height=\"241\" src=\"https:\/\/caminhosdefatima.org\/_cf\/wp-content\/uploads\/2023\/12\/Turismo_de_Portugal_Logo-700x241-1.png\" alt=\"\" class=\"wp-image-1780\" style=\"height:100px\"\/><\/a><\/figure>\n<\/div>\n\n\n\n<div class=\"wp-block-column is-vertically-aligned-center is-layout-flow wp-block-column-is-layout-flow\"><div class=\"wp-block-image\">\n<figure class=\"aligncenter size-large is-resized\"><a href=\"https:\/\/www.fatima.pt\" target=\"_blank\" rel=\"noreferrer noopener\"><img loading=\"lazy\" decoding=\"async\" width=\"1200\" height=\"551\" src=\"https:\/\/caminhosdefatima.org\/_cf\/wp-content\/uploads\/2023\/12\/2018-05-12_Monograma_2-1200x551.jpg\" alt=\"\" class=\"wp-image-1787\" style=\"height:160px\" srcset=\"https:\/\/caminhosdefatima.org\/_cf\/wp-content\/uploads\/2023\/12\/2018-05-12_Monograma_2-1200x551.jpg 1200w, https:\/\/caminhosdefatima.org\/_cf\/wp-content\/uploads\/2023\/12\/2018-05-12_Monograma_2-1024x470.jpg 1024w, https:\/\/caminhosdefatima.org\/_cf\/wp-content\/uploads\/2023\/12\/2018-05-12_Monograma_2-800x367.jpg 800w, https:\/\/caminhosdefatima.org\/_cf\/wp-content\/uploads\/2023\/12\/2018-05-12_Monograma_2-768x352.jpg 768w, https:\/\/caminhosdefatima.org\/_cf\/wp-content\/uploads\/2023\/12\/2018-05-12_Monograma_2.jpg 1508w\" sizes=\"(max-width: 1200px) 100vw, 1200px\" \/><\/a><\/figure><\/div><\/div>\n<\/div>\n\n\n\n<div style=\"height:5px\" aria-hidden=\"true\" class=\"wp-block-spacer\"><\/div>\n\n\n\n<h2 class=\"wp-block-heading\"><strong><strong>Socios institucionales<\/strong><\/strong><\/h2>\n\n\n\n<p class=\"has-medium-font-size\">Asociaci\u00f3n Caminhos de F\u00e1tima<\/p>\n\n\n\n<p class=\"has-medium-font-size\">ACISO &#8211; Asociaci\u00f3n de Comercio, Industria y Servicios de Our\u00e9m<\/p>\n\n\n\n<p class=\"has-medium-font-size\">Asociaci\u00f3n de Peregrinos de la Via Lusitana<\/p>\n\n\n\n<p class=\"has-medium-font-size\">Asociaci\u00f3n de Amigos del Camino de Santiago Portugu\u00e9s<\/p>\n\n\n\n<p class=\"has-medium-font-size\">Comunidad Intermunicipal M\u00e9dio Tejo<\/p>\n\n\n\n<p class=\"has-medium-font-size\">Direcci\u00f3n Regional de Turismo de la Regi\u00f3n de Lisboa<\/p>\n\n\n\n<p class=\"has-medium-font-size\">Direcci\u00f3n Regional de Turismo del Alentejo<\/p>\n\n\n\n<p class=\"has-medium-font-size\">Direcci\u00f3n Regional de Turismo del Centro de Portugal<\/p>\n\n\n\n<p class=\"has-medium-font-size\">Direcci\u00f3n Regional de Turismo de Oporto y Norte de Portugal<\/p>\n\n\n\n<p class=\"has-medium-font-size\">Orden de Malta<\/p>\n\n\n\n<p class=\"has-medium-font-size\">Santuario de F\u00e1tima <\/p>\n\n\n\n<p class=\"has-medium-font-size\">Turismo de Portugal<\/p>\n\n\n\n<div style=\"height:5px\" aria-hidden=\"true\" class=\"wp-block-spacer\"><\/div>\n\n\n\n<h2 class=\"wp-block-heading\"><strong>Municipios<\/strong><\/h2>\n\n\n\n<p class=\"has-small-font-size\"><strong>Municipios en cuyo territorio se integran los Caminos de F\u00e1tima<\/strong><\/p>\n\n\n\n<div class=\"wp-block-columns is-layout-flex wp-container-core-columns-layout-2 wp-block-columns-is-layout-flex\">\n<div class=\"wp-block-column is-layout-flow wp-block-column-is-layout-flow\">\n<p class=\"has-medium-font-size\">\u00c1gueda&nbsp;<br>Albergaria-a-Velha&nbsp;<br>Alcanena&nbsp;<br>Alcoba\u00e7a&nbsp;<br>Alenquer&nbsp;<br>Alvai\u00e1zere&nbsp;<br>Anadia&nbsp;<br>Ansi\u00e3o&nbsp;<br>Azambuja&nbsp;<br>Barcelos&nbsp;<br>Batalha&nbsp;<br>Cartaxo<\/p>\n<\/div>\n\n\n\n<div class=\"wp-block-column is-layout-flow wp-block-column-is-layout-flow\">\n<p class=\"has-medium-font-size\">Coimbra&nbsp;<br>Condeixa-a-Nova&nbsp;<br>Lisboa&nbsp;<br>Loures&nbsp;<br>Maia&nbsp;<br>Matosinhos&nbsp;<br>Mealhada&nbsp;<br>Nazar\u00e9&nbsp;<br>Oliveira de Azem\u00e9is&nbsp;<br>Our\u00e9m&nbsp;<br>Paredes de Coura&nbsp;<br>Penela<\/p>\n<\/div>\n\n\n\n<div class=\"wp-block-column is-layout-flow wp-block-column-is-layout-flow\">\n<p class=\"has-medium-font-size\">Ponte de Lima\u00a0<br>Porto\u00a0<br>Porto de M\u00f3s\u00a0<br>P\u00f3voa de Varzim\u00a0<br>Rio Maior<br>Santa Maria da Feira\u00a0<br>Santar\u00e9m\u00a0<br>S\u00e3o Jo\u00e3o da Madeira\u00a0<br>Valen\u00e7a\u00a0<br>Vila do Conde\u00a0<br>Vila Franca de Xira\u00a0<br>Vila Nova de Gaia<\/p>\n\n\n\n<p><\/p>\n<\/div>\n<\/div>\n\n\n\n<div style=\"height:5px\" aria-hidden=\"true\" class=\"wp-block-spacer\"><\/div>\n\n\n\n<h2 class=\"wp-block-heading\"><strong>Operadores de Turismo Cultural<\/strong><\/h2>\n\n\n\n<p class=\"has-small-font-size\"><strong>Empresas certificadas por el Centro Nacional de Cultura con actividad en el \u00e1mbito de los Caminos de F\u00e1tima<\/strong><\/p>\n\n\n\n<p class=\"has-medium-font-size\">Outmore&nbsp;<\/p>\n\n\n\n<p class=\"has-medium-font-size\">Portugal A2Z Walking &amp; Biking&nbsp;<\/p>\n\n\n\n<p class=\"has-medium-font-size\">Portugal Green Walks&nbsp;<\/p>\n\n\n\n<p class=\"has-medium-font-size\">Upstream Portugal&nbsp;<\/p>\n\n\n\n<p class=\"has-medium-font-size\">ViagePortugal&nbsp;<\/p>\n","protected":false},"excerpt":{"rendered":"<p>Socios del Centro Nacional de Cultura en la elaboraci\u00f3n de estos Caminos:&nbsp; Socios institucionales Asociaci\u00f3n Caminhos de F\u00e1tima ACISO &#8211; Asociaci\u00f3n de Comercio, Industria y Servicios de Our\u00e9m Asociaci\u00f3n de Peregrinos de la Via Lusitana Asociaci\u00f3n de Amigos del Camino de Santiago Portugu\u00e9s Comunidad Intermunicipal M\u00e9dio Tejo Direcci\u00f3n Regional de Turismo de la Regi\u00f3n de [&hellip;]<\/p>\n","protected":false},"author":1,"featured_media":1778,"parent":0,"menu_order":0,"comment_status":"closed","ping_status":"closed","template":"","meta":{"footnotes":""},"acf":[],"_links":{"self":[{"href":"https:\/\/caminhosdefatima.org\/es\/wp-json\/wp\/v2\/pages\/3653"}],"collection":[{"href":"https:\/\/caminhosdefatima.org\/es\/wp-json\/wp\/v2\/pages"}],"about":[{"href":"https:\/\/caminhosdefatima.org\/es\/wp-json\/wp\/v2\/types\/page"}],"author":[{"embeddable":true,"href":"https:\/\/caminhosdefatima.org\/es\/wp-json\/wp\/v2\/users\/1"}],"replies":[{"embeddable":true,"href":"https:\/\/caminhosdefatima.org\/es\/wp-json\/wp\/v2\/comments?post=3653"}],"version-history":[{"count":14,"href":"https:\/\/caminhosdefatima.org\/es\/wp-json\/wp\/v2\/pages\/3653\/revisions"}],"predecessor-version":[{"id":4566,"href":"https:\/\/caminhosdefatima.org\/es\/wp-json\/wp\/v2\/pages\/3653\/revisions\/4566"}],"wp:featuredmedia":[{"embeddable":true,"href":"https:\/\/caminhosdefatima.org\/es\/wp-json\/wp\/v2\/media\/1778"}],"wp:attachment":[{"href":"https:\/\/caminhosdefatima.org\/es\/wp-json\/wp\/v2\/media?parent=3653"}],"curies":[{"name":"wp","href":"https:\/\/api.w.org\/{rel}","templated":true}]}}