{"id":3930,"date":"2023-12-06T13:24:24","date_gmt":"2023-12-06T13:24:24","guid":{"rendered":"https:\/\/beta.caminhosdefatima.org\/noticias\/"},"modified":"2023-12-19T18:58:38","modified_gmt":"2023-12-19T18:58:38","slug":"noticia","status":"publish","type":"page","link":"https:\/\/caminhosdefatima.org\/es\/noticia\/","title":{"rendered":"Noticia"},"content":{"rendered":"\n<p>Aqu\u00ed encontrar\u00e1 nuestra selecci\u00f3n de noticias relacionadas con el proyecto Caminhos de F\u00e1tima.<\/p>\n","protected":false},"excerpt":{"rendered":"<p>Aqu\u00ed encontrar\u00e1 nuestra selecci\u00f3n de noticias relacionadas con el proyecto Caminhos de F\u00e1tima.<\/p>\n","protected":false},"author":1,"featured_media":2209,"parent":0,"menu_order":0,"comment_status":"closed","ping_status":"closed","template":"","meta":{"footnotes":""},"acf":[],"_links":{"self":[{"href":"https:\/\/caminhosdefatima.org\/es\/wp-json\/wp\/v2\/pages\/3930"}],"collection":[{"href":"https:\/\/caminhosdefatima.org\/es\/wp-json\/wp\/v2\/pages"}],"about":[{"href":"https:\/\/caminhosdefatima.org\/es\/wp-json\/wp\/v2\/types\/page"}],"author":[{"embeddable":true,"href":"https:\/\/caminhosdefatima.org\/es\/wp-json\/wp\/v2\/users\/1"}],"replies":[{"embeddable":true,"href":"https:\/\/caminhosdefatima.org\/es\/wp-json\/wp\/v2\/comments?post=3930"}],"version-history":[{"count":1,"href":"https:\/\/caminhosdefatima.org\/es\/wp-json\/wp\/v2\/pages\/3930\/revisions"}],"predecessor-version":[{"id":3935,"href":"https:\/\/caminhosdefatima.org\/es\/wp-json\/wp\/v2\/pages\/3930\/revisions\/3935"}],"wp:featuredmedia":[{"embeddable":true,"href":"https:\/\/caminhosdefatima.org\/es\/wp-json\/wp\/v2\/media\/2209"}],"wp:attachment":[{"href":"https:\/\/caminhosdefatima.org\/es\/wp-json\/wp\/v2\/media?parent=3930"}],"curies":[{"name":"wp","href":"https:\/\/api.w.org\/{rel}","templated":true}]}}