{"id":4354,"date":"2023-11-09T13:55:20","date_gmt":"2023-11-09T13:55:20","guid":{"rendered":"https:\/\/caminhosdefatima.org\/centro-nacional-de-cultura\/"},"modified":"2024-02-15T15:53:36","modified_gmt":"2024-02-15T15:53:36","slug":"centro-nacional-de-cultura","status":"publish","type":"page","link":"https:\/\/caminhosdefatima.org\/es\/centro-nacional-de-cultura\/","title":{"rendered":"Centro Nacional de Cultura"},"content":{"rendered":"\n<p>El Centro Nacional de Cultura es una asociaci\u00f3n cultural de utilidad p\u00fablica. Creado el 13 de mayo de 1945 por un grupo de mon\u00e1rquicos y cat\u00f3licos opuestos al r\u00e9gimen, fue concebido como un \u00abclub de intelectuales\u00bb para el debate de ideas. Registr\u00f3 sus estatutos en 1952.<\/p>\n\n\n\n<p>Siempre con el objetivo de \u00abdefender una cultura libre\u00bb, en la d\u00e9cada de 1960, bajo la direcci\u00f3n de Sophia de Mello Breyner Andresen, Francisco Sousa Tavares, Gon\u00e7alo Ribeiro Telles, Jo\u00e3o B\u00e9nard da Costa y Ant\u00f3nio Al\u00e7ada Baptista, se estableci\u00f3 como un foro democr\u00e1tico al que asist\u00edan intelectuales y creadores culturales.<\/p>\n\n\n\n<p>Despu\u00e9s del 25 de abril de 1974, bajo el impulso del equipo dirigido por Helena Vaz da Silva, se inici\u00f3 una nueva fase, centrada en la internacionalizaci\u00f3n y la valorizaci\u00f3n de la cultura y el patrimonio, con una gran variedad de actividades dirigidas a un p\u00fablico diverso: \u00abPaseos Dominicales\u00bb, ciclos de viajes culturales, cursos de formaci\u00f3n y divulgaci\u00f3n, encuentros internacionales, seminarios, exposiciones, ediciones, concursos literarios y art\u00edsticos, premios y becas, actividades infantiles, prestaci\u00f3n de servicios culturales a escuelas, empresas y grupos extranjeros que visitan Portugal.<\/p>\n\n\n\n<p>En el siglo XXI, el CNC refuerza su identidad valorizando la memoria hist\u00f3rica, promoviendo la creaci\u00f3n contempor\u00e1nea y fortaleciendo el debate sobre la cultura y la ciudadan\u00eda activa. Sus principales l\u00edneas de actuaci\u00f3n son la defensa, difusi\u00f3n y valorizaci\u00f3n del patrimonio cultural, a partir de una noci\u00f3n integrada de territorio, comunidad, medio ambiente, patrimonio y turismo. En el d\u00eda a d\u00eda, su acci\u00f3n se resume en una pol\u00edtica de \u00abentrar en contacto\u00bb, \u00abarticular\u00bb, \u00abhacer que las cosas sucedan\u00bb.<\/p>\n\n\n\n<p>Desde el barrio de Chiado, en Lisboa, donde tenemos nuestras instalaciones, que incluyen una biblioteca y un caf\u00e9 literario (Caf\u00e9 no Chiado), desarrollamos actividades y proyectos. El Centro Nacional de Cultura es miembro de redes internacionales y representante oficial de Europa Nostra en Portugal. Es la organizaci\u00f3n que est\u00e1 detr\u00e1s del proyecto Caminhos de F\u00e1tima y posee la marca respectiva.<\/p>\n\n\n\n<div style=\"height:30px\" aria-hidden=\"true\" class=\"wp-block-spacer\"><\/div>\n\n\n\n<p>M\u00e1s informaci\u00f3n en el sitio web <a href=\"https:\/\/www.cnc.pt\/\" data-type=\"link\" data-id=\"https:\/\/www.cnc.pt\/\" target=\"_blank\" rel=\"noreferrer noopener\">cnc.pt<\/a><\/p>\n\n\n\n<div style=\"height:30px\" aria-hidden=\"true\" class=\"wp-block-spacer\"><\/div>\n","protected":false},"excerpt":{"rendered":"<p>El Centro Nacional de Cultura es una asociaci\u00f3n cultural privada de utilidad p\u00fablica, fundada en 1945, que promueve la memoria hist\u00f3rica y la creaci\u00f3n contempor\u00e1nea, fortalece el debate sobre la cultura y la ciudadan\u00eda activa, siendo sus principales l\u00edneas de actuaci\u00f3n la defensa, difusi\u00f3n y puesta en valor del patrimonio cultural. Desarrolla actividades y proyectos nacionales e internacionales, especialmente itinerarios culturales.<\/p>\n","protected":false},"author":1,"featured_media":67,"parent":0,"menu_order":0,"comment_status":"closed","ping_status":"closed","template":"","meta":{"footnotes":""},"acf":[],"_links":{"self":[{"href":"https:\/\/caminhosdefatima.org\/es\/wp-json\/wp\/v2\/pages\/4354"}],"collection":[{"href":"https:\/\/caminhosdefatima.org\/es\/wp-json\/wp\/v2\/pages"}],"about":[{"href":"https:\/\/caminhosdefatima.org\/es\/wp-json\/wp\/v2\/types\/page"}],"author":[{"embeddable":true,"href":"https:\/\/caminhosdefatima.org\/es\/wp-json\/wp\/v2\/users\/1"}],"replies":[{"embeddable":true,"href":"https:\/\/caminhosdefatima.org\/es\/wp-json\/wp\/v2\/comments?post=4354"}],"version-history":[{"count":3,"href":"https:\/\/caminhosdefatima.org\/es\/wp-json\/wp\/v2\/pages\/4354\/revisions"}],"predecessor-version":[{"id":4576,"href":"https:\/\/caminhosdefatima.org\/es\/wp-json\/wp\/v2\/pages\/4354\/revisions\/4576"}],"wp:featuredmedia":[{"embeddable":true,"href":"https:\/\/caminhosdefatima.org\/es\/wp-json\/wp\/v2\/media\/67"}],"wp:attachment":[{"href":"https:\/\/caminhosdefatima.org\/es\/wp-json\/wp\/v2\/media?parent=4354"}],"curies":[{"name":"wp","href":"https:\/\/api.w.org\/{rel}","templated":true}]}}