{"id":4394,"date":"2023-09-26T09:38:26","date_gmt":"2023-09-26T08:38:26","guid":{"rendered":"https:\/\/caminhosdefatima.org\/politica-privacidade\/"},"modified":"2024-01-11T17:07:48","modified_gmt":"2024-01-11T17:07:48","slug":"politica-de-privacidad","status":"publish","type":"page","link":"https:\/\/caminhosdefatima.org\/es\/politica-de-privacidad\/","title":{"rendered":"Pol\u00edtica de privacidad"},"content":{"rendered":"\n<p>El Centro Nacional de Cultura (CNC), como titular de la marca Caminhos de F\u00e1tima\u00ae, es responsable del tratamiento de los datos y determina los fines y medios del tratamiento de los datos personales del interesado y regula las funciones y responsabilidades que le son exigibles en cumplimiento de la legislaci\u00f3n aplicable en materia de protecci\u00f3n de datos.<\/p>\n\n\n\n<p>CNC s\u00f3lo conservar\u00e1 los datos personales del interesado durante el tiempo necesario para cumplir los fines para los que fueron recogidos.<\/p>\n\n\n\n<p>Puede contactar con CNC sobre cualquier cuesti\u00f3n relacionada con la recogida de datos y, en cualquier momento y de forma gratuita, ejercer sus derechos de acceso, rectificaci\u00f3n o supresi\u00f3n, oposici\u00f3n, limitaci\u00f3n y portabilidad de sus datos, a trav\u00e9s de<br>&#8211; Direcci\u00f3n de correo electr\u00f3nico: cnc@cnc.pt<br>&#8211; Correo postal: Centro Nacional de Cultura &#8211; Rua Ant\u00f3nio Maria Cardoso, 68, 1249-101 Lisboa<br>en los t\u00e9rminos de la legislaci\u00f3n vigente.<\/p>\n\n\n\n<p>En cualquier caso, se informa al interesado de que si considera que el CNC ha vulnerado los derechos que le reconoce la legislaci\u00f3n aplicable en materia de protecci\u00f3n de datos, podr\u00e1 presentar una reclamaci\u00f3n ante la Comisi\u00f3n Nacional de Protecci\u00f3n de Datos (CNPD).<\/p>\n\n\n\n<p>La aceptaci\u00f3n del interesado para que sus datos puedan ser utilizados por CNC tiene siempre car\u00e1cter revocable, sin efectos retroactivos.<\/p>\n\n\n\n<p>CNC aplica diversas medidas t\u00e9cnicas y organizativas apropiadas para proteger los datos personales de los interesados, incluido el uso de servidores seguros, cortafuegos y control de acceso.<\/p>\n","protected":false},"excerpt":{"rendered":"<p>El Centro Nacional de Cultura (CNC), como titular de la marca Caminhos de F\u00e1tima\u00ae, es responsable del tratamiento de los datos y determina los fines y medios del tratamiento de los datos personales del interesado y regula las funciones y responsabilidades que le son exigibles en cumplimiento de la legislaci\u00f3n aplicable en materia de protecci\u00f3n [&hellip;]<\/p>\n","protected":false},"author":1,"featured_media":4389,"parent":0,"menu_order":0,"comment_status":"closed","ping_status":"open","template":"","meta":{"footnotes":""},"acf":[],"_links":{"self":[{"href":"https:\/\/caminhosdefatima.org\/es\/wp-json\/wp\/v2\/pages\/4394"}],"collection":[{"href":"https:\/\/caminhosdefatima.org\/es\/wp-json\/wp\/v2\/pages"}],"about":[{"href":"https:\/\/caminhosdefatima.org\/es\/wp-json\/wp\/v2\/types\/page"}],"author":[{"embeddable":true,"href":"https:\/\/caminhosdefatima.org\/es\/wp-json\/wp\/v2\/users\/1"}],"replies":[{"embeddable":true,"href":"https:\/\/caminhosdefatima.org\/es\/wp-json\/wp\/v2\/comments?post=4394"}],"version-history":[{"count":3,"href":"https:\/\/caminhosdefatima.org\/es\/wp-json\/wp\/v2\/pages\/4394\/revisions"}],"predecessor-version":[{"id":4451,"href":"https:\/\/caminhosdefatima.org\/es\/wp-json\/wp\/v2\/pages\/4394\/revisions\/4451"}],"wp:featuredmedia":[{"embeddable":true,"href":"https:\/\/caminhosdefatima.org\/es\/wp-json\/wp\/v2\/media\/4389"}],"wp:attachment":[{"href":"https:\/\/caminhosdefatima.org\/es\/wp-json\/wp\/v2\/media?parent=4394"}],"curies":[{"name":"wp","href":"https:\/\/api.w.org\/{rel}","templated":true}]}}