{"id":4519,"date":"2024-01-12T15:03:39","date_gmt":"2024-01-12T15:03:39","guid":{"rendered":"https:\/\/caminhosdefatima.org\/a-app-dos-caminhos-de-fatima\/"},"modified":"2024-01-23T15:03:30","modified_gmt":"2024-01-23T15:03:30","slug":"app-caminos-de-fatima","status":"publish","type":"page","link":"https:\/\/caminhosdefatima.org\/es\/app-caminos-de-fatima\/","title":{"rendered":"App Caminos de F\u00e1tima\u00ae"},"content":{"rendered":"\n<h3 class=\"wp-block-heading\">El Centro Nacional de Cultura lanza la aplicaci\u00f3n Caminos de F\u00e1tima\u00ae<\/h3>\n\n\n\n<p>La nueva aplicaci\u00f3n <em><strong>Caminos de F\u00e1tima\u00ae<\/strong><\/em> se presenta como una ruta de caminada autoguiada, permitiendo a los peregrinos y visitantes nacionales y extranjeros experimentar un verdadero itinerario cultural y espiritual, de una manera aut\u00f3noma, atractiva y sostenible, experimentando la cultura y la belleza de nuestro territorio.<\/p>\n\n\n\n<p>Elaborada por el Centro Nacional de Cultura, con el apoyo de la Autoridad Regional de Turismo de la Regi\u00f3n de Lisboa, la App <em>Caminhos de F\u00e1tima\u00ae<\/em> est\u00e1 disponible para su descarga gratuita para Android e iOS.<\/p>\n\n\n\n<p>En esta primera fase, la app contiene toda la informaci\u00f3n sobre el Camino del Tajo, una ruta de 150 kil\u00f3metros que parte de la Catedral de Lisboa y se estructura en 6 jornadas, correspondientes a 6 d\u00edas de caminata hasta el Santuario de F\u00e1tima.<\/p>\n\n\n\n<p>Siguiendo la ruta en el mapa, podr\u00e1 encontrar informaci\u00f3n sobre alojamiento, contactos \u00fatiles (salud y seguridad), puntos de inter\u00e9s &#8211; museos, monumentos, iglesias, jardines, etc., y lugares donde podr\u00e1 obtener el sello de la Credencial del Peregrino de los Caminos de F\u00e1tima.<\/p>\n\n\n\n<p>Con actualizaciones constantes, la APP tambi\u00e9n presenta una selecci\u00f3n de Noticias relacionadas con estos itinerarios culturales y religiosos.<\/p>\n\n\n\n<p>En breve, los usuarios podr\u00e1n emitir alertas si identifican alg\u00fan problema a lo largo de la ruta, que ser\u00e1n visibles en el mapa y se transmitir\u00e1n debidamente a las organizaciones responsables del mantenimiento de estos caminos.<\/p>\n","protected":false},"excerpt":{"rendered":"<p>El Centro Nacional de Cultura lanza la aplicaci\u00f3n Caminos de F\u00e1tima\u00ae La nueva aplicaci\u00f3n Caminos de F\u00e1tima\u00ae se presenta como una ruta de caminada autoguiada, permitiendo a los peregrinos y visitantes nacionales y extranjeros experimentar un verdadero itinerario cultural y espiritual, de una manera aut\u00f3noma, atractiva y sostenible, experimentando la cultura y la belleza de [&hellip;]<\/p>\n","protected":false},"author":2,"featured_media":4520,"parent":0,"menu_order":0,"comment_status":"closed","ping_status":"closed","template":"","meta":{"footnotes":""},"acf":[],"_links":{"self":[{"href":"https:\/\/caminhosdefatima.org\/es\/wp-json\/wp\/v2\/pages\/4519"}],"collection":[{"href":"https:\/\/caminhosdefatima.org\/es\/wp-json\/wp\/v2\/pages"}],"about":[{"href":"https:\/\/caminhosdefatima.org\/es\/wp-json\/wp\/v2\/types\/page"}],"author":[{"embeddable":true,"href":"https:\/\/caminhosdefatima.org\/es\/wp-json\/wp\/v2\/users\/2"}],"replies":[{"embeddable":true,"href":"https:\/\/caminhosdefatima.org\/es\/wp-json\/wp\/v2\/comments?post=4519"}],"version-history":[{"count":2,"href":"https:\/\/caminhosdefatima.org\/es\/wp-json\/wp\/v2\/pages\/4519\/revisions"}],"predecessor-version":[{"id":4537,"href":"https:\/\/caminhosdefatima.org\/es\/wp-json\/wp\/v2\/pages\/4519\/revisions\/4537"}],"wp:featuredmedia":[{"embeddable":true,"href":"https:\/\/caminhosdefatima.org\/es\/wp-json\/wp\/v2\/media\/4520"}],"wp:attachment":[{"href":"https:\/\/caminhosdefatima.org\/es\/wp-json\/wp\/v2\/media?parent=4519"}],"curies":[{"name":"wp","href":"https:\/\/api.w.org\/{rel}","templated":true}]}}