{"id":5512,"date":"2024-05-07T10:25:04","date_gmt":"2024-05-07T09:25:04","guid":{"rendered":"https:\/\/caminhosdefatima.org\/caminho-do-medio-tejo\/"},"modified":"2024-07-12T12:14:26","modified_gmt":"2024-07-12T11:14:26","slug":"camino-del-medio-tejo","status":"publish","type":"page","link":"https:\/\/caminhosdefatima.org\/es\/camino-del-medio-tejo\/","title":{"rendered":"Camino del M\u00e9dio Tejo"},"content":{"rendered":"\n<div style=\"height:30px\" aria-hidden=\"true\" class=\"wp-block-spacer\"><\/div>\n\n\n\n<figure class=\"wp-block-image size-medium\"><img loading=\"lazy\" decoding=\"async\" width=\"1024\" height=\"249\" src=\"https:\/\/caminhosdefatima.org\/_cf\/wp-content\/uploads\/2024\/07\/infografia-CMedioTejo-_-fundo-branco-2-1024x249.png\" alt=\"\" class=\"wp-image-6462\" srcset=\"https:\/\/caminhosdefatima.org\/_cf\/wp-content\/uploads\/2024\/07\/infografia-CMedioTejo-_-fundo-branco-2-1024x249.png 1024w, https:\/\/caminhosdefatima.org\/_cf\/wp-content\/uploads\/2024\/07\/infografia-CMedioTejo-_-fundo-branco-2-1200x292.png 1200w, https:\/\/caminhosdefatima.org\/_cf\/wp-content\/uploads\/2024\/07\/infografia-CMedioTejo-_-fundo-branco-2-800x195.png 800w, https:\/\/caminhosdefatima.org\/_cf\/wp-content\/uploads\/2024\/07\/infografia-CMedioTejo-_-fundo-branco-2-768x187.png 768w, https:\/\/caminhosdefatima.org\/_cf\/wp-content\/uploads\/2024\/07\/infografia-CMedioTejo-_-fundo-branco-2.png 1508w\" sizes=\"(max-width: 1024px) 100vw, 1024px\" \/><\/figure>\n\n\n\n<p>El Camino del M\u00e9dio Tejo est\u00e1 situado en el centro de Portugal, en un territorio esculpido por el sistema h\u00eddrico del r\u00edo Tajo y las sierras, laderas y valles de su orilla norte, donde fluyen r\u00edos y arroyos que riegan la tierra y alimentan el caudal del gran r\u00edo.&nbsp; El paisaje es diversificado, con llanuras serenas y zonas monta\u00f1osas.&nbsp; Testimonios de la antig\u00fcedad de estas tierras son visibles en su toponimia y en la herencia cultural. La organizaci\u00f3n administrativa y el asentamiento sistem\u00e1tico se remontan al periodo de la reconquista cristiana y la formaci\u00f3n del Reino de Portugal (siglos XII-XIII), a ra\u00edz de las donaciones hechas por los reyes a las \u00d3rdenes militares para garantizar la defensa de las orillas del Tajo, atraer moradores y promover el desarrollo social y econ\u00f3mico.&nbsp; Especialmente importantes fueron la Orden de los Hospitalarios (Orden de Malta) y la Orden de los Templarios (posteriormente Orden de Cristo), que construyeron castillos e iglesias y contribuyeron a la formaci\u00f3n de asentamientos.<\/p>\n\n\n\n<p>En este territorio, tan rico en biodiversidad y culturalmente tan valioso, los Caminos de F\u00e1tima se organizan en tres rutas que corresponden a tres itinerarios culturales en zonas geogr\u00e1ficas diferentes.&nbsp; Cada una de las rutas conduce al descubrimiento y disfrute de un patrimonio cultural y medioambiental polifac\u00e9tico, ofreciendo a peregrinos y caminantes experiencias \u00fanicas en armon\u00eda con la naturaleza y la vida, y en relaci\u00f3n con poblaciones acogedoras.<\/p>\n\n\n\n<div style=\"height:40px\" aria-hidden=\"true\" class=\"wp-block-spacer\"><\/div>\n\n\n\n<p class=\"has-text-align-center\"><iframe loading=\"lazy\" width=\"500\" height=\"400\" src=\"https:\/\/www.youtube.com\/embed\/rmrfIqDlTEY?si=wJ4j1KyZdtbHuS-1\" title=\"YouTube video player\" frameborder=\"0\" allow=\"accelerometer; autoplay; clipboard-write; encrypted-media; gyroscope; picture-in-picture; web-share\" referrerpolicy=\"strict-origin-when-cross-origin\" allowfullscreen><\/iframe>\n\n\n\n<div style=\"height:40px\" aria-hidden=\"true\" class=\"wp-block-spacer\"><\/div>\n","protected":false},"excerpt":{"rendered":"<p>El Camino del M\u00e9dio Tejo est\u00e1 situado en el centro de Portugal, en un territorio esculpido por el sistema h\u00eddrico del r\u00edo Tajo y las sierras, laderas y valles de su orilla norte, donde fluyen r\u00edos y arroyos que riegan la tierra y alimentan el caudal del gran r\u00edo.&nbsp; El paisaje es diversificado, con llanuras [&hellip;]<\/p>\n","protected":false},"author":2,"featured_media":6161,"parent":0,"menu_order":0,"comment_status":"closed","ping_status":"closed","template":"","meta":{"footnotes":""},"acf":[],"_links":{"self":[{"href":"https:\/\/caminhosdefatima.org\/es\/wp-json\/wp\/v2\/pages\/5512"}],"collection":[{"href":"https:\/\/caminhosdefatima.org\/es\/wp-json\/wp\/v2\/pages"}],"about":[{"href":"https:\/\/caminhosdefatima.org\/es\/wp-json\/wp\/v2\/types\/page"}],"author":[{"embeddable":true,"href":"https:\/\/caminhosdefatima.org\/es\/wp-json\/wp\/v2\/users\/2"}],"replies":[{"embeddable":true,"href":"https:\/\/caminhosdefatima.org\/es\/wp-json\/wp\/v2\/comments?post=5512"}],"version-history":[{"count":6,"href":"https:\/\/caminhosdefatima.org\/es\/wp-json\/wp\/v2\/pages\/5512\/revisions"}],"predecessor-version":[{"id":6497,"href":"https:\/\/caminhosdefatima.org\/es\/wp-json\/wp\/v2\/pages\/5512\/revisions\/6497"}],"wp:featuredmedia":[{"embeddable":true,"href":"https:\/\/caminhosdefatima.org\/es\/wp-json\/wp\/v2\/media\/6161"}],"wp:attachment":[{"href":"https:\/\/caminhosdefatima.org\/es\/wp-json\/wp\/v2\/media?parent=5512"}],"curies":[{"name":"wp","href":"https:\/\/api.w.org\/{rel}","templated":true}]}}