{"id":3581,"date":"2023-12-05T23:35:11","date_gmt":"2023-12-05T23:35:11","guid":{"rendered":"https:\/\/beta.caminhosdefatima.org\/o-projeto\/"},"modified":"2024-02-16T10:53:50","modified_gmt":"2024-02-16T10:53:50","slug":"chemins-de-fatima","status":"publish","type":"page","link":"https:\/\/caminhosdefatima.org\/fr\/chemins-de-fatima\/","title":{"rendered":"Chemins de F\u00e1tima"},"content":{"rendered":"\n<p><strong>Les Chemins de F\u00e1tima constituent un r\u00e9seau d&rsquo;itin\u00e9raires religieux et culturels qui ont des points de d\u00e9part diff\u00e9rents et qui m\u00e8nent tous au sanctuaire de F\u00e1tima.&nbsp;<\/strong><\/p>\n\n\n\n<p>\u00c9labor\u00e9s par le Centro Nacional de Cultura, depuis&nbsp;1996, en partenariat avec diverses institutions et en collaboration avec le sanctuaire de F\u00e1tima, ces itin\u00e9raires offrent des conditions garantissant la s\u00e9curit\u00e9 et le plaisir des p\u00e8lerins et des randonneurs qui se rendent \u00e0 pied au sanctuaire de F\u00e1tima, \u00e9vitant les routes \u00e0 forte circulation automobile, pour leur pr\u00e9f\u00e9rer les sentiers et les petites routes rurales.&nbsp;Ils apportent une v\u00e9ritable dimension spirituelle, li\u00e9e \u00e0 la nature et aux exp\u00e9riences religieuses et culturelles.&nbsp;<\/p>\n\n\n\n<p>Les Chemins de F\u00e1tima traversent des territoires vari\u00e9s et tr\u00e8s int\u00e9ressants d\u2019un point de vue culturel et paysager et s\u2019articulent par endroits avec d\u2019autres itin\u00e9raires portugais ou internationaux.<\/p>\n\n\n\n<div style=\"height:30px\" aria-hidden=\"true\" class=\"wp-block-spacer\"><\/div>\n\n\n\n<h2 class=\"wp-block-heading\">Les guides-itin\u00e9raires des Chemins de F\u00e1tima&nbsp;<\/h2>\n\n\n\n<figure class=\"wp-block-image size-full\"><img loading=\"lazy\" decoding=\"async\" width=\"849\" height=\"283\" src=\"https:\/\/caminhosdefatima.org\/_cf\/wp-content\/uploads\/2023\/12\/ApresentacaoFatima-02-190912-e1703240796369.jpg\" alt=\"\" class=\"wp-image-1711\" srcset=\"https:\/\/caminhosdefatima.org\/_cf\/wp-content\/uploads\/2023\/12\/ApresentacaoFatima-02-190912-e1703240796369.jpg 849w, https:\/\/caminhosdefatima.org\/_cf\/wp-content\/uploads\/2023\/12\/ApresentacaoFatima-02-190912-e1703240796369-800x267.jpg 800w, https:\/\/caminhosdefatima.org\/_cf\/wp-content\/uploads\/2023\/12\/ApresentacaoFatima-02-190912-e1703240796369-768x256.jpg 768w\" sizes=\"(max-width: 849px) 100vw, 849px\" \/><\/figure>\n\n\n\n<p>Les guides-itin\u00e9raires des Chemins de F\u00e1tima mettent \u00e0 disposition, de fa\u00e7on claire, toutes les informations relatives \u00e0 ces diff\u00e9rents parcours, avec un \u00e9clairage d\u00e9taill\u00e9 sur le paysage, le patrimoine, la culture et l\u2019environnement local.<\/p>\n\n\n\n<p>Chaque guide contient la carte correspondant au chemin choisi, ainsi que des textes descriptifs des itin\u00e9raires. Les guides se concluent sur un ensemble de renseignements concernant le sanctuaire de F\u00e1tima, avec la pr\u00e9sentation des lieux les plus embl\u00e9matiques, des basiliques \u00e0 la chapelle des Apparitions, notamment dans une perspective historique et symbolique.<\/p>\n\n\n\n<p>Il est possible de consulter et t\u00e9l\u00e9charger ces guides, ainsi que les cartes au format GPX et KML, sur les sites web <a href=\"https:\/\/caminhosdefatima.org\/\" data-type=\"link\" data-id=\"https:\/\/caminhosdefatima.org\/\" target=\"_blank\" rel=\"noreferrer noopener\">caminhosdefatima.org<\/a> et <a href=\"https:\/\/www.pathsoffaith.com\/\" data-type=\"link\" data-id=\"https:\/\/www.pathsoffaith.com\/\" target=\"_blank\" rel=\"noreferrer noopener\">pathsoffaith.com<\/a>.<\/p>\n\n\n\n<div style=\"height:30px\" aria-hidden=\"true\" class=\"wp-block-spacer\"><\/div>\n\n\n\n<h2 class=\"wp-block-heading\">Marque<\/h2>\n\n\n\n<div class=\"wp-block-columns is-layout-flex wp-container-core-columns-layout-1 wp-block-columns-is-layout-flex\">\n<div class=\"wp-block-column is-layout-flow wp-block-column-is-layout-flow\" style=\"flex-basis:50%\">\n<p>Ces itin\u00e9raires de p\u00e8lerinage sont identifi\u00e9s par la&nbsp;marque Caminhos de Fatima, qui incorpore des \u00e9l\u00e9ments symboliques:&nbsp;un<strong> ch\u00eane vert<\/strong>, lieu d&rsquo;apparition de la vierge aux petits bergers, un arbre caract\u00e9ristique du paysage de Fatima et une esp\u00e8ce botanique prot\u00e9g\u00e9e au Portugal (<em>quercus ilex<\/em>);&nbsp;<strong>couleur bleue<\/strong>, symbole du ciel bleu et de l&rsquo;ambiance atmosph\u00e9rique v\u00e9cue directement dans le sanctuaire et l&rsquo;espace environnant. <\/p>\n\n\n\n<p>La&nbsp;<strong>marque <\/strong>appartient au Centro Nacional de Cultura et son utilisation n\u00e9cessite une autorisation.<\/p>\n<\/div>\n\n\n\n<div class=\"wp-block-column is-layout-flow wp-block-column-is-layout-flow\" style=\"flex-basis:50%\"><div class=\"wp-block-image\">\n<figure class=\"aligncenter size-full is-resized\"><img loading=\"lazy\" decoding=\"async\" width=\"1000\" height=\"816\" src=\"https:\/\/caminhosdefatima.org\/_cf\/wp-content\/uploads\/2023\/12\/caminhos_sinaletica_marca.png\" alt=\"\" class=\"wp-image-1717\" style=\"aspect-ratio:1.2254901960784315;width:353px;height:auto\" srcset=\"https:\/\/caminhosdefatima.org\/_cf\/wp-content\/uploads\/2023\/12\/caminhos_sinaletica_marca.png 1000w, https:\/\/caminhosdefatima.org\/_cf\/wp-content\/uploads\/2023\/12\/caminhos_sinaletica_marca-800x653.png 800w, https:\/\/caminhosdefatima.org\/_cf\/wp-content\/uploads\/2023\/12\/caminhos_sinaletica_marca-768x627.png 768w\" sizes=\"(max-width: 1000px) 100vw, 1000px\" \/><\/figure><\/div><\/div>\n<\/div>\n","protected":false},"excerpt":{"rendered":"<p>Les Chemins de Fatima constituent un r\u00e9seau d&rsquo;itin\u00e9raires religieux et culturels qui partent de diff\u00e9rents lieux et aboutissent au Sanctuaire de Fatima.\u202fD\u00e9velopp\u00e9s ou certifi\u00e9s par le Centre National de la Culture (Centro Nacional de Cultura), en partenariat avec de multiples institutions et en collaboration avec le Sanctuaire de Fatima, ils cr\u00e9ent des conditions s\u00fbres et agr\u00e9ables pour les p\u00e8lerins et les marcheurs qui se rendent au Sanctuaire de Fatima, en \u00e9vitant les routes \u00e0 grande circulation au profit de chemins de terre et de petites routes rurales.<\/p>\n","protected":false},"author":1,"featured_media":2176,"parent":0,"menu_order":0,"comment_status":"closed","ping_status":"closed","template":"","meta":{"footnotes":""},"acf":[],"_links":{"self":[{"href":"https:\/\/caminhosdefatima.org\/fr\/wp-json\/wp\/v2\/pages\/3581"}],"collection":[{"href":"https:\/\/caminhosdefatima.org\/fr\/wp-json\/wp\/v2\/pages"}],"about":[{"href":"https:\/\/caminhosdefatima.org\/fr\/wp-json\/wp\/v2\/types\/page"}],"author":[{"embeddable":true,"href":"https:\/\/caminhosdefatima.org\/fr\/wp-json\/wp\/v2\/users\/1"}],"replies":[{"embeddable":true,"href":"https:\/\/caminhosdefatima.org\/fr\/wp-json\/wp\/v2\/comments?post=3581"}],"version-history":[{"count":12,"href":"https:\/\/caminhosdefatima.org\/fr\/wp-json\/wp\/v2\/pages\/3581\/revisions"}],"predecessor-version":[{"id":4583,"href":"https:\/\/caminhosdefatima.org\/fr\/wp-json\/wp\/v2\/pages\/3581\/revisions\/4583"}],"wp:featuredmedia":[{"embeddable":true,"href":"https:\/\/caminhosdefatima.org\/fr\/wp-json\/wp\/v2\/media\/2176"}],"wp:attachment":[{"href":"https:\/\/caminhosdefatima.org\/fr\/wp-json\/wp\/v2\/media?parent=3581"}],"curies":[{"name":"wp","href":"https:\/\/api.w.org\/{rel}","templated":true}]}}