{"id":3927,"date":"2023-12-06T13:24:24","date_gmt":"2023-12-06T13:24:24","guid":{"rendered":"https:\/\/beta.caminhosdefatima.org\/noticias\/"},"modified":"2023-12-19T18:56:31","modified_gmt":"2023-12-19T18:56:31","slug":"actualites","status":"publish","type":"page","link":"https:\/\/caminhosdefatima.org\/fr\/actualites\/","title":{"rendered":"Actualit\u00e9s"},"content":{"rendered":"\n<p>Vous trouverez ici notre s\u00e9lection de nouvelles li\u00e9es au projet Caminhos de F\u00e1tima.<\/p>\n","protected":false},"excerpt":{"rendered":"<p>Vous trouverez ici notre s\u00e9lection de nouvelles li\u00e9es au projet Caminhos de F\u00e1tima.<\/p>\n","protected":false},"author":1,"featured_media":2206,"parent":0,"menu_order":0,"comment_status":"closed","ping_status":"closed","template":"","meta":{"footnotes":""},"acf":[],"_links":{"self":[{"href":"https:\/\/caminhosdefatima.org\/fr\/wp-json\/wp\/v2\/pages\/3927"}],"collection":[{"href":"https:\/\/caminhosdefatima.org\/fr\/wp-json\/wp\/v2\/pages"}],"about":[{"href":"https:\/\/caminhosdefatima.org\/fr\/wp-json\/wp\/v2\/types\/page"}],"author":[{"embeddable":true,"href":"https:\/\/caminhosdefatima.org\/fr\/wp-json\/wp\/v2\/users\/1"}],"replies":[{"embeddable":true,"href":"https:\/\/caminhosdefatima.org\/fr\/wp-json\/wp\/v2\/comments?post=3927"}],"version-history":[{"count":1,"href":"https:\/\/caminhosdefatima.org\/fr\/wp-json\/wp\/v2\/pages\/3927\/revisions"}],"predecessor-version":[{"id":3932,"href":"https:\/\/caminhosdefatima.org\/fr\/wp-json\/wp\/v2\/pages\/3927\/revisions\/3932"}],"wp:featuredmedia":[{"embeddable":true,"href":"https:\/\/caminhosdefatima.org\/fr\/wp-json\/wp\/v2\/media\/2206"}],"wp:attachment":[{"href":"https:\/\/caminhosdefatima.org\/fr\/wp-json\/wp\/v2\/media?parent=3927"}],"curies":[{"name":"wp","href":"https:\/\/api.w.org\/{rel}","templated":true}]}}