{"id":4351,"date":"2023-11-09T13:55:20","date_gmt":"2023-11-09T13:55:20","guid":{"rendered":"https:\/\/caminhosdefatima.org\/centro-nacional-de-cultura\/"},"modified":"2024-02-15T15:52:24","modified_gmt":"2024-02-15T15:52:24","slug":"centro-nacional-de-cultura","status":"publish","type":"page","link":"https:\/\/caminhosdefatima.org\/fr\/centro-nacional-de-cultura\/","title":{"rendered":"Centro Nacional de Cultura"},"content":{"rendered":"\n<p>Le Centro Nacional de Cultura est une association culturelle d&rsquo;utilit\u00e9 publique. Cr\u00e9\u00e9 le 13 mai 1945 par un groupe de monarchistes et de catholiques oppos\u00e9s au r\u00e9gime, il est con\u00e7u comme un \u00ab\u00a0club d&rsquo;intellectuels\u00a0\u00bb pour le d\u00e9bat d&rsquo;id\u00e9es. Elle d\u00e9pose ses statuts en 1952.<\/p>\n\n\n\n<p>Toujours dans le but de \u00ab\u00a0d\u00e9fendre une culture libre\u00a0\u00bb, dans les ann\u00e9es 1960, sous la direction de Sophia de Mello Breyner Andresen, Francisco Sousa Tavares, Gon\u00e7alo Ribeiro Telles, Jo\u00e3o B\u00e9nard da Costa et Ant\u00f3nio Al\u00e7ada Baptista, elle s&rsquo;est affirm\u00e9e comme un forum d\u00e9mocratique fr\u00e9quent\u00e9 par des intellectuels et des cr\u00e9ateurs culturels.<\/p>\n\n\n\n<p>Apr\u00e8s le 25 avril 1974, sous l&rsquo;impulsion de l&rsquo;\u00e9quipe dirig\u00e9e par Helena Vaz da Silva, une nouvelle phase s&rsquo;ouvre, ax\u00e9e sur l&rsquo;internationalisation et la valorisation de la culture et du patrimoine, avec une grande vari\u00e9t\u00e9 d&rsquo;activit\u00e9s destin\u00e9es \u00e0 un public diversifi\u00e9 : \u00ab\u00a0promenades du dimanche\u00a0\u00bb, cycles de voyages culturels, cours de formation et de diffusion, rencontres internationales, s\u00e9minaires, expositions, \u00e9ditions, concours litt\u00e9raires et artistiques, prix et bourses, activit\u00e9s pour les enfants, prestation de services culturels aux \u00e9coles, aux entreprises et aux groupes \u00e9trangers en visite au Portugal.<\/p>\n\n\n\n<p>Au XXIe si\u00e8cle, le CNC renforce son identit\u00e9 en valorisant la m\u00e9moire historique, en promouvant la cr\u00e9ation contemporaine et en renfor\u00e7ant le d\u00e9bat sur la culture et la citoyennet\u00e9 active. Ses principales lignes d&rsquo;action sont la d\u00e9fense, la diffusion et la valorisation du patrimoine culturel, bas\u00e9es sur une notion int\u00e9gr\u00e9e du territoire, de la communaut\u00e9, de l&rsquo;environnement, du patrimoine et du tourisme. Au quotidien, son action se r\u00e9sume \u00e0 une politique de \u00ab\u00a0prise de contact\u00a0\u00bb, d'\u00a0\u00bbarticulation\u00a0\u00bb, de \u00ab\u00a0concr\u00e9tisation\u00a0\u00bb.<\/p>\n\n\n\n<p>Depuis le quartier du Chiado \u00e0 Lisbonne, o\u00f9 nous disposons de nos installations, dont une biblioth\u00e8que et un caf\u00e9 litt\u00e9raire (Caf\u00e9 no Chiado), nous d\u00e9veloppons des activit\u00e9s et des projets. Le Centre national de la culture est membre de r\u00e9seaux internationaux et est le repr\u00e9sentant officiel d&rsquo;Europa Nostra au Portugal. Il est l&rsquo;organisation \u00e0 l&rsquo;origine du projet Caminhos de F\u00e1tima et poss\u00e8de la marque correspondante.<\/p>\n\n\n\n<div style=\"height:30px\" aria-hidden=\"true\" class=\"wp-block-spacer\"><\/div>\n\n\n\n<p>Plus d&rsquo;informations sur le site web <a href=\"https:\/\/www.cnc.pt\/\" data-type=\"link\" data-id=\"https:\/\/www.cnc.pt\/\" target=\"_blank\" rel=\"noreferrer noopener\">cnc.pt<\/a><\/p>\n\n\n\n<div style=\"height:30px\" aria-hidden=\"true\" class=\"wp-block-spacer\"><\/div>\n","protected":false},"excerpt":{"rendered":"<p>Le Centre National de la Culture (Centro Nacional de Cultura) est une association culturelle priv\u00e9e d&rsquo;utilit\u00e9 publique, fond\u00e9e en 1945, qui promeut la m\u00e9moire historique et la cr\u00e9ation contemporaine, renforce le d\u00e9bat sur la culture et la citoyennet\u00e9 active, avec pour principaux lignes d&rsquo;action la d\u00e9fense, la diffusion et la mise en valeur du patrimoine culturel. Il d\u00e9veloppe des activit\u00e9s et des projets nationaux et internationaux, en particulier des itin\u00e9raires culturels.<\/p>\n","protected":false},"author":1,"featured_media":65,"parent":0,"menu_order":0,"comment_status":"closed","ping_status":"closed","template":"","meta":{"footnotes":""},"acf":[],"_links":{"self":[{"href":"https:\/\/caminhosdefatima.org\/fr\/wp-json\/wp\/v2\/pages\/4351"}],"collection":[{"href":"https:\/\/caminhosdefatima.org\/fr\/wp-json\/wp\/v2\/pages"}],"about":[{"href":"https:\/\/caminhosdefatima.org\/fr\/wp-json\/wp\/v2\/types\/page"}],"author":[{"embeddable":true,"href":"https:\/\/caminhosdefatima.org\/fr\/wp-json\/wp\/v2\/users\/1"}],"replies":[{"embeddable":true,"href":"https:\/\/caminhosdefatima.org\/fr\/wp-json\/wp\/v2\/comments?post=4351"}],"version-history":[{"count":3,"href":"https:\/\/caminhosdefatima.org\/fr\/wp-json\/wp\/v2\/pages\/4351\/revisions"}],"predecessor-version":[{"id":4573,"href":"https:\/\/caminhosdefatima.org\/fr\/wp-json\/wp\/v2\/pages\/4351\/revisions\/4573"}],"wp:featuredmedia":[{"embeddable":true,"href":"https:\/\/caminhosdefatima.org\/fr\/wp-json\/wp\/v2\/media\/65"}],"wp:attachment":[{"href":"https:\/\/caminhosdefatima.org\/fr\/wp-json\/wp\/v2\/media?parent=4351"}],"curies":[{"name":"wp","href":"https:\/\/api.w.org\/{rel}","templated":true}]}}