{"id":4391,"date":"2023-09-26T09:38:26","date_gmt":"2023-09-26T08:38:26","guid":{"rendered":"https:\/\/caminhosdefatima.org\/politica-privacidade\/"},"modified":"2024-01-11T17:08:13","modified_gmt":"2024-01-11T17:08:13","slug":"politique-de-confidentialite","status":"publish","type":"page","link":"https:\/\/caminhosdefatima.org\/fr\/politique-de-confidentialite\/","title":{"rendered":"Politique de confidentialit\u00e9"},"content":{"rendered":"\n<p>Le Centro Nacional de Cultura (CNC), en tant que propri\u00e9taire de la marque Caminhos de F\u00e1tima\u00ae, est responsable du traitement des donn\u00e9es et d\u00e9termine les finalit\u00e9s et les moyens du traitement des donn\u00e9es personnelles de la personne concern\u00e9e et r\u00e9glemente les r\u00f4les et les responsabilit\u00e9s qui lui incombent conform\u00e9ment \u00e0 la l\u00e9gislation applicable en mati\u00e8re de protection des donn\u00e9es.<\/p>\n\n\n\n<p>CNC ne conservera les donn\u00e9es personnelles de la personne concern\u00e9e que pendant le temps n\u00e9cessaire \u00e0 la r\u00e9alisation des objectifs pour lesquels elles ont \u00e9t\u00e9 collect\u00e9es.<\/p>\n\n\n\n<p>Vous pouvez contacter le CNC pour toute question relative \u00e0 la collecte des donn\u00e9es et exercer, \u00e0 tout moment et gratuitement, vos droits d&rsquo;acc\u00e8s, de rectification ou d&rsquo;effacement, d&rsquo;opposition, de limitation et de portabilit\u00e9 de vos donn\u00e9es, \u00e0 l&rsquo;adresse suivante<br>&#8211; Adresse \u00e9lectronique: cnc@cnc.pt<br>&#8211; Courrier postal: Centro Nacional de Cultura &#8211; Rua Ant\u00f3nio Maria Cardoso, 68, 1249-101 Lisboa<br>dans les conditions pr\u00e9vues par la l\u00e9gislation en vigueur.<\/p>\n\n\n\n<p>Dans tous les cas, la personne concern\u00e9e est inform\u00e9e que si elle consid\u00e8re que le CNC a viol\u00e9 ses droits en vertu de la l\u00e9gislation applicable en mati\u00e8re de protection des donn\u00e9es, elle peut introduire une r\u00e9clamation aupr\u00e8s de la Commission nationale de protection des donn\u00e9es (CNPD).<\/p>\n\n\n\n<p>L&rsquo;acceptation par la personne concern\u00e9e que ses donn\u00e9es puissent \u00eatre utilis\u00e9es par la CNC sera toujours r\u00e9vocable, sans effet r\u00e9troactif.<\/p>\n\n\n\n<p>La CNC applique diverses mesures techniques et organisationnelles appropri\u00e9es pour prot\u00e9ger les donn\u00e9es \u00e0 caract\u00e8re personnel des personnes concern\u00e9es, y compris l&rsquo;utilisation de serveurs s\u00e9curis\u00e9s, de pare-feu et de contr\u00f4les d&rsquo;acc\u00e8s.<\/p>\n","protected":false},"excerpt":{"rendered":"<p>Le Centro Nacional de Cultura (CNC), en tant que propri\u00e9taire de la marque Caminhos de F\u00e1tima\u00ae, est responsable du traitement des donn\u00e9es et d\u00e9termine les finalit\u00e9s et les moyens du traitement des donn\u00e9es personnelles de la personne concern\u00e9e et r\u00e9glemente les r\u00f4les et les responsabilit\u00e9s qui lui incombent conform\u00e9ment \u00e0 la l\u00e9gislation applicable en mati\u00e8re [&hellip;]<\/p>\n","protected":false},"author":1,"featured_media":4386,"parent":0,"menu_order":0,"comment_status":"closed","ping_status":"open","template":"","meta":{"footnotes":""},"acf":[],"_links":{"self":[{"href":"https:\/\/caminhosdefatima.org\/fr\/wp-json\/wp\/v2\/pages\/4391"}],"collection":[{"href":"https:\/\/caminhosdefatima.org\/fr\/wp-json\/wp\/v2\/pages"}],"about":[{"href":"https:\/\/caminhosdefatima.org\/fr\/wp-json\/wp\/v2\/types\/page"}],"author":[{"embeddable":true,"href":"https:\/\/caminhosdefatima.org\/fr\/wp-json\/wp\/v2\/users\/1"}],"replies":[{"embeddable":true,"href":"https:\/\/caminhosdefatima.org\/fr\/wp-json\/wp\/v2\/comments?post=4391"}],"version-history":[{"count":3,"href":"https:\/\/caminhosdefatima.org\/fr\/wp-json\/wp\/v2\/pages\/4391\/revisions"}],"predecessor-version":[{"id":4452,"href":"https:\/\/caminhosdefatima.org\/fr\/wp-json\/wp\/v2\/pages\/4391\/revisions\/4452"}],"wp:featuredmedia":[{"embeddable":true,"href":"https:\/\/caminhosdefatima.org\/fr\/wp-json\/wp\/v2\/media\/4386"}],"wp:attachment":[{"href":"https:\/\/caminhosdefatima.org\/fr\/wp-json\/wp\/v2\/media?parent=4391"}],"curies":[{"name":"wp","href":"https:\/\/api.w.org\/{rel}","templated":true}]}}