{"id":5509,"date":"2024-05-07T10:25:04","date_gmt":"2024-05-07T09:25:04","guid":{"rendered":"https:\/\/caminhosdefatima.org\/caminho-do-medio-tejo\/"},"modified":"2024-07-12T12:13:55","modified_gmt":"2024-07-12T11:13:55","slug":"chemin-du-medio-tejo","status":"publish","type":"page","link":"https:\/\/caminhosdefatima.org\/fr\/chemin-du-medio-tejo\/","title":{"rendered":"Chemin du M\u00e9dio Tejo"},"content":{"rendered":"\n<div style=\"height:30px\" aria-hidden=\"true\" class=\"wp-block-spacer\"><\/div>\n\n\n\n<figure class=\"wp-block-image size-medium\"><img loading=\"lazy\" decoding=\"async\" width=\"1024\" height=\"249\" src=\"https:\/\/caminhosdefatima.org\/_cf\/wp-content\/uploads\/2024\/07\/infografia-CMedioTejo-_-fundo-branco-3-1024x249.png\" alt=\"\" class=\"wp-image-6465\" srcset=\"https:\/\/caminhosdefatima.org\/_cf\/wp-content\/uploads\/2024\/07\/infografia-CMedioTejo-_-fundo-branco-3-1024x249.png 1024w, https:\/\/caminhosdefatima.org\/_cf\/wp-content\/uploads\/2024\/07\/infografia-CMedioTejo-_-fundo-branco-3-1200x292.png 1200w, https:\/\/caminhosdefatima.org\/_cf\/wp-content\/uploads\/2024\/07\/infografia-CMedioTejo-_-fundo-branco-3-800x195.png 800w, https:\/\/caminhosdefatima.org\/_cf\/wp-content\/uploads\/2024\/07\/infografia-CMedioTejo-_-fundo-branco-3-768x187.png 768w, https:\/\/caminhosdefatima.org\/_cf\/wp-content\/uploads\/2024\/07\/infografia-CMedioTejo-_-fundo-branco-3.png 1508w\" sizes=\"(max-width: 1024px) 100vw, 1024px\" \/><\/figure>\n\n\n\n<p>Le Chemin du M\u00e9dio Tejo s\u2019inscrit dans la r\u00e9gion Centre du Portugal, au sein d\u2019un territoire fa\u00e7onn\u00e9 par le r\u00e9seau hydrographique du Tage et par divers ensembles de <em>serras<\/em>, coteaux et vall\u00e9es de la rive nord du fleuve; l\u00e0, les rivi\u00e8res et les cours d\u2019eau s&rsquo;\u00e9coulent pour irriguer les terres et grossir le d\u00e9bit du Tage. Le paysage est vari\u00e9, comprenant des plaines douces et des zones au relief prononc\u00e9. Les noms de lieux et le patrimoine culturel t\u00e9moignent du caract\u00e8re ancestral de ces terres. L&rsquo;organisation administrative et le peuplement syst\u00e9matique remontent \u00e0 la p\u00e9riode de la reconqu\u00eate chr\u00e9tienne et de la formation du royaume du Portugal (XII<sup>e<\/sup>-XIII<sup>e<\/sup>&nbsp;si\u00e8cles), \u00e0 la suite des donations faites par les rois aux ordres militaires afin de garantir la d\u00e9fense des rives du Tage, de favoriser le peuplement et de promouvoir le d\u00e9veloppement social et \u00e9conomique de la r\u00e9gion. Ce sont principalement l&rsquo;ordre des Hospitaliers (ordre de Malte) et l&rsquo;ordre du Temple (plus tard ordre du Christ) qui ont \u00e9t\u00e9 \u00e0 l\u2019origine de la construction des ch\u00e2teaux et des \u00e9glises, et contribu\u00e9 \u00e0 la formation des agglom\u00e9rations.<\/p>\n\n\n\n<p>Sur ce territoire, si riche en biodiversit\u00e9 et si remarquable sur le plan culturel, les Chemins de F\u00e1tima offrent trois parcours, qui correspondent \u00e0 trois itin\u00e9raires culturels dans des zones g\u00e9ographiques diff\u00e9rentes. Chacun d\u2019entre eux permet de d\u00e9couvrir et d&rsquo;appr\u00e9cier un patrimoine culturel et environnemental aux multiples facettes, offrant aux p\u00e8lerins et aux randonneurs des exp\u00e9riences uniques, en harmonie avec la nature et la vie, et au contact de populations accueillantes.<\/p>\n\n\n\n<div style=\"height:40px\" aria-hidden=\"true\" class=\"wp-block-spacer\"><\/div>\n\n\n\n<p class=\"has-text-align-center\"><iframe loading=\"lazy\" width=\"500\" height=\"400\" src=\"https:\/\/www.youtube.com\/embed\/rmrfIqDlTEY?si=wJ4j1KyZdtbHuS-1\" title=\"YouTube video player\" frameborder=\"0\" allow=\"accelerometer; autoplay; clipboard-write; encrypted-media; gyroscope; picture-in-picture; web-share\" referrerpolicy=\"strict-origin-when-cross-origin\" allowfullscreen><\/iframe>\n\n\n\n<div style=\"height:40px\" aria-hidden=\"true\" class=\"wp-block-spacer\"><\/div>\n","protected":false},"excerpt":{"rendered":"<p>Le Chemin du M\u00e9dio Tejo s\u2019inscrit dans la r\u00e9gion Centre du Portugal, au sein d\u2019un territoire fa\u00e7onn\u00e9 par le r\u00e9seau hydrographique du Tage et par divers ensembles de serras, coteaux et vall\u00e9es de la rive nord du fleuve; l\u00e0, les rivi\u00e8res et les cours d\u2019eau s&rsquo;\u00e9coulent pour irriguer les terres et grossir le d\u00e9bit du [&hellip;]<\/p>\n","protected":false},"author":2,"featured_media":6162,"parent":0,"menu_order":0,"comment_status":"closed","ping_status":"closed","template":"","meta":{"footnotes":""},"acf":[],"_links":{"self":[{"href":"https:\/\/caminhosdefatima.org\/fr\/wp-json\/wp\/v2\/pages\/5509"}],"collection":[{"href":"https:\/\/caminhosdefatima.org\/fr\/wp-json\/wp\/v2\/pages"}],"about":[{"href":"https:\/\/caminhosdefatima.org\/fr\/wp-json\/wp\/v2\/types\/page"}],"author":[{"embeddable":true,"href":"https:\/\/caminhosdefatima.org\/fr\/wp-json\/wp\/v2\/users\/2"}],"replies":[{"embeddable":true,"href":"https:\/\/caminhosdefatima.org\/fr\/wp-json\/wp\/v2\/comments?post=5509"}],"version-history":[{"count":6,"href":"https:\/\/caminhosdefatima.org\/fr\/wp-json\/wp\/v2\/pages\/5509\/revisions"}],"predecessor-version":[{"id":6494,"href":"https:\/\/caminhosdefatima.org\/fr\/wp-json\/wp\/v2\/pages\/5509\/revisions\/6494"}],"wp:featuredmedia":[{"embeddable":true,"href":"https:\/\/caminhosdefatima.org\/fr\/wp-json\/wp\/v2\/media\/6162"}],"wp:attachment":[{"href":"https:\/\/caminhosdefatima.org\/fr\/wp-json\/wp\/v2\/media?parent=5509"}],"curies":[{"name":"wp","href":"https:\/\/api.w.org\/{rel}","templated":true}]}}