{"id":3514,"date":"2023-09-26T09:38:26","date_gmt":"2023-09-26T08:38:26","guid":{"rendered":"https:\/\/beta.caminhosdefatima.org\/informacoes\/"},"modified":"2025-04-09T15:47:38","modified_gmt":"2025-04-09T14:47:38","slug":"informazioni","status":"publish","type":"page","link":"https:\/\/caminhosdefatima.org\/it\/informazioni\/","title":{"rendered":"Informazioni"},"content":{"rendered":"\n<div style=\"height:30px\" aria-hidden=\"true\" class=\"wp-block-spacer\"><\/div>\n\n\n\n<blockquote class=\"wp-block-quote has-text-align-right has-small-font-size\">\n<p class=\"has-medium-font-size\"><em>F\u00e1tima \u00e8 una riserva spirituale della contemporaneit\u00e0.<br>La sua area geografica non coincide perfettamente con l\u2019area urbana.<br>La sua topografia non \u00e8 solo quella che si vede.<br>I pellegrini sanno che F\u00e1tima comincia molto prima <\/em><br><em>e continua per molto oltre.<\/em><\/p>\n<cite><small>Cardinale Jos\u00e9 Tolentino Mendon\u00e7a &#8211; \u201cChegar a F\u00e1tima a p\u00e9\u201d @ iMissio, 10\/10\/2021<\/small><\/cite><\/blockquote>\n\n\n\n<div style=\"height:30px\" aria-hidden=\"true\" class=\"wp-block-spacer\"><\/div>\n\n\n\n<p>\u00c8 possibile percorrere i <strong>Cammini di F\u00e1tima <\/strong>tutto l&#8217;anno. Tuttavia, le stagioni migliori per farlo sono primavera, estate e autunno. In estate \u00e8 possibile aspettarsi giorni dalle temperature elevate ma \u00e8 anche possibile adeguare i propri orari, ad esempio uscire molto presto la mattina. Le tappe che proponiamo hanno una durata adeguata al territorio da percorrere ma \u00e8 possibile allungare o accorciare le tappe in base ai propri interessi e disponibilit\u00e0.<\/p>\n\n\n\n<p>In ogni tappa, il punto di partenza e quello di arrivo sono sempre in un luogo pubblico: vicino ad un monumento, una chiesa o una cappella con importanza religiosa e culturale. Nel corso della tappa, i pellegrini e i viandanti, soprattutto nei paesini, troveranno appositi punti dove rifocillarsi con acqua e cibo, ostelli e altri tipi di sistemazione. Raccomandiamo di informarsi sempre con un certo anticipo. <\/p>\n\n\n\n<p>Per percorrere i Cammini di F\u00e1tima con gli itinerari che suggeriamo, \u00e8 necessario prepararsi adeguatamente tenendo in considerazione le condizioni generali di ogni Cammino su tutto il percorso e le condizioni specifiche di ogni tappa o giornata (camminata di un giorno).<\/p>\n\n\n\n<div style=\"height:30px\" aria-hidden=\"true\" class=\"wp-block-spacer\"><\/div>\n\n\n\n<h2 class=\"wp-block-heading\">Orientamento<\/h2>\n\n\n\n<p><strong>La segnaletica&nbsp;<\/strong>presente sul territorio dove si snodano i Cammini include i simboli del marchio e la rispettiva immagine con rappresentazione grafica e colori. Nel frattempo, finch\u00e9 non sar\u00e0 concluso l\u2019esteso processo di segnaletica di tutti i Cammini di F\u00e1tima sul territorio portoghese, \u00e8 possibile trovare tipi di segnaletica pi\u00f9 semplici, incluse frecce azzurre. Suggeriamo di consultare la&nbsp;<strong>mappa&nbsp;<\/strong>relativa al Cammino che si intende percorrere, strumento essenziale lungo tutto il percorso.&nbsp;<\/p>\n\n\n<div class=\"wp-block-image\">\n<figure class=\"aligncenter size-full is-resized\"><img loading=\"lazy\" decoding=\"async\" width=\"528\" height=\"397\" src=\"https:\/\/caminhosdefatima.org\/_cf\/wp-content\/uploads\/2023\/12\/caminhos_sinaletica.jpg\" alt=\"\" class=\"wp-image-1745\" style=\"aspect-ratio:1.3299748110831233;width:427px;height:auto\"\/><\/figure><\/div>\n\n\n<div style=\"height:30px\" aria-hidden=\"true\" class=\"wp-block-spacer\"><\/div>\n\n\n\n<h2 class=\"wp-block-heading\">Credenziale del Pellegrino dei Cammini di F\u00e1tima<\/h2>\n\n\n\n<p>Nel corso dei secoli, tutti coloro che iniziavano un pellegrinaggio verso un luogo santo avevano un lasciapassare che li aiutava nelle difficolt\u00e0 del viaggio. Ai giorni nostri, i viandanti e i pellegrini hanno accesso alla&nbsp;<strong>Credenziale del Pellegrino<\/strong> che consente non solo di identificarli ma serve anche come prova della realizzazione di questi itinerari culturali e spirituali.<\/p>\n\n\n\n<h3 class=\"wp-block-heading\"><strong>A cosa serve la Credenziale?<\/strong><strong><\/strong><\/h3>\n\n\n\n<p>La credenziale corrisponde a un passaporto che attesta il viaggio del pellegrino lungo le varie tappe dei Cammini di F\u00e1tima. Pu\u00f2 essere timbrata ad ogni sosta effettuata durante la camminata, presso un ente ospitante che utilizzer\u00e0 a tal fine il proprio timbro (ufficio turistico, parrocchia, hotel, ostello, ristorante o altro ente). Serve quindi come certificazione della realizzazione del Cammino di F\u00e1tima.<br>L\u2019unica credenziale ufficiale valida \u00e8 quella emessa dal Centro Nacional de Cultura.&nbsp;<\/p>\n\n\n\n<h3 class=\"wp-block-heading\"><strong>Dove \u00e8 possibile ottenere la Credenziale?<\/strong><\/h3>\n\n\n\n<p>\u00c8 possibile ritirare la Credenziale presso la sede del <strong>Centro Nacional de Cultura<\/strong> (CNC), a Lisbona. \u00c8 inoltre possibile richiederla al CNC via e-mail (<a href=\"mailto:info@cnc.pt\">info@cnc.pt<\/a>) o telefonicamente (+351 21&nbsp;346 67 22). Sar\u00e0 inviata via posta: i costi di spedizione saranno a carico del richiedente. <\/p>\n\n\n\n<p>\u00c8 disponibile anche in alcuni luoghi di riferimento, riconosciuti ufficialmente dal Centro Nacional de Cultura:<\/p>\n\n\n\n<div class=\"wp-block-columns are-vertically-aligned-top is-layout-flex wp-container-core-columns-layout-1 wp-block-columns-is-layout-flex\">\n<div class=\"wp-block-column is-vertically-aligned-top is-layout-flow wp-block-column-is-layout-flow\" style=\"flex-basis:30%\">\n<figure class=\"wp-block-image size-full is-resized\"><img loading=\"lazy\" decoding=\"async\" width=\"388\" height=\"616\" src=\"https:\/\/caminhosdefatima.org\/_cf\/wp-content\/uploads\/2023\/12\/credencial.jpg\" alt=\"\" class=\"wp-image-1735\" style=\"width:224px;height:auto\"\/><\/figure>\n<\/div>\n\n\n\n<div class=\"wp-block-column is-vertically-aligned-top is-layout-flow wp-block-column-is-layout-flow\" style=\"flex-basis:70%\">\n<p>Ostelli del Cammino di Santiago<\/p>\n\n\n\n<p>Carmelo de Santa Teresa, a Coimbra<\/p>\n\n\n\n<p>Museu de Cer\u00e2mica di Sacav\u00e9m<\/p>\n\n\n\n<p>S\u00e9 Catedral a Lisbona<\/p>\n\n\n\n<p>S\u00e9 Catedral a Porto<\/p>\n\n\n\n<p>Uffici turistici<\/p>\n\n\n\n<p>Centro informazioni &#8220;Cammini di F\u00e1tima&#8221;<br>Rua Adriano Correia de Oliveira, n\u00ba 8, 1600-312 Lisboa<\/p>\n\n\n\n<p>Centro informazioni per i pellegrini<br>Igreja de Nossa Senhora da Concei\u00e7\u00e3o Velha &#8211; Rua da Alf\u00e2ndega, 108, 1100-585 Lisboa<\/p>\n<\/div>\n<\/div>\n\n\n\n<div style=\"height:30px\" aria-hidden=\"true\" class=\"wp-block-spacer\"><\/div>\n\n\n\n<p>Al fine di garantire la produzione delle Credenziali, \u00e8 possibile effettuare una donazione volontaria al Centro Nacional de Cultura dal valore di 2 Euro a Credenziale. Tale importo pu\u00f2 essere trasferito al seguente IBAN: PT 50 0033 0000 4523 7586 5850 5.<\/p>\n\n\n\n<div style=\"height:30px\" aria-hidden=\"true\" class=\"wp-block-spacer\"><\/div>\n\n\n\n<h2 class=\"wp-block-heading\">Preparazione del Cammino<\/h2>\n\n\n\n<p>Per fare il pellegrinaggio, \u00e8 necessario definire un piano delle tappe adeguato alla propria preparazione fisica e alle sistemazioni disponibili. Ogni tappa ha in media circa 25-30&nbsp;km. \u00c8 necessario tenere in considerazione il livello di difficolt\u00e0 del percorso e il periodo dell\u2019anno nel quale si vuole fare il Cammino. Il clima in Portogallo \u00e8 mite ma varia da regione a regione, in base ai rilievi, alla latitudine e alla vicinanza al mare.<\/p>\n\n\n\n<p>Prima, dopo e durante la camminata, \u00e8 fondamentale rimanere idratati. Raccomandiamo l\u2019utilizzo di un abbigliamento comodo e di uno zaino adatto alla propria corporatura. Portare solo l\u2019indispensabile.<\/p>\n\n\n\n<p>Si prega di rispettare le norme di condotta raccomandate per i percorsi pedestri e di vivere i Cammini di F\u00e1tima nella piena consapevolezza del proprio contributo alla conservazione della natura e alla protezione della biodiversit\u00e0 e dell&#8217;ambiente.<\/p>\n\n\n\n<div style=\"height:49px\" aria-hidden=\"true\" class=\"wp-block-spacer\"><\/div>\n","protected":false},"excerpt":{"rendered":"<p>I Caminhos de F\u00e1tima, individuati e sviluppati dal Centro Nazionale di Cultura a partire dal 1996, mirano a creare condizioni sicure e piacevoli per i pellegrini che si recano a piedi al Santuario di F\u00e1tima, evitando le strade a traffico intenso a favore di sentieri sterrati e piccole strade rurali poco trafficate.<\/p>\n","protected":false},"author":1,"featured_media":1756,"parent":0,"menu_order":0,"comment_status":"closed","ping_status":"open","template":"","meta":{"footnotes":""},"acf":[],"_links":{"self":[{"href":"https:\/\/caminhosdefatima.org\/it\/wp-json\/wp\/v2\/pages\/3514"}],"collection":[{"href":"https:\/\/caminhosdefatima.org\/it\/wp-json\/wp\/v2\/pages"}],"about":[{"href":"https:\/\/caminhosdefatima.org\/it\/wp-json\/wp\/v2\/types\/page"}],"author":[{"embeddable":true,"href":"https:\/\/caminhosdefatima.org\/it\/wp-json\/wp\/v2\/users\/1"}],"replies":[{"embeddable":true,"href":"https:\/\/caminhosdefatima.org\/it\/wp-json\/wp\/v2\/comments?post=3514"}],"version-history":[{"count":12,"href":"https:\/\/caminhosdefatima.org\/it\/wp-json\/wp\/v2\/pages\/3514\/revisions"}],"predecessor-version":[{"id":7405,"href":"https:\/\/caminhosdefatima.org\/it\/wp-json\/wp\/v2\/pages\/3514\/revisions\/7405"}],"wp:featuredmedia":[{"embeddable":true,"href":"https:\/\/caminhosdefatima.org\/it\/wp-json\/wp\/v2\/media\/1756"}],"wp:attachment":[{"href":"https:\/\/caminhosdefatima.org\/it\/wp-json\/wp\/v2\/media?parent=3514"}],"curies":[{"name":"wp","href":"https:\/\/api.w.org\/{rel}","templated":true}]}}